{"id":2312,"date":"2022-02-16T11:46:25","date_gmt":"2022-02-16T08:46:25","guid":{"rendered":"https:\/\/yy-pmc.com.tr\/kozakli-belediyesi-jeotermal-projesi\/"},"modified":"2022-02-16T11:46:28","modified_gmt":"2022-02-16T08:46:28","slug":"kozakli-belediyesi-jeotermal-projesi","status":"publish","type":"page","link":"https:\/\/yy-pmc.com\/tr\/kozakli-belediyesi-jeotermal-projesi\/","title":{"rendered":"Kozakl\u0131 Belediyesi Jeotermal Projesi"},"content":{"rendered":"\t\t<div data-elementor-type=\"wp-page\" data-elementor-id=\"2312\" class=\"elementor elementor-2312 elementor-1228\">\n\t\t\t\t\t\t\t\t\t<section class=\"elementor-section elementor-top-section elementor-element elementor-element-0055c57 elementor-section-boxed elementor-section-height-default elementor-section-height-default\" data-id=\"0055c57\" data-element_type=\"section\" data-settings=\"{&quot;jet_parallax_layout_list&quot;:[{&quot;jet_parallax_layout_image&quot;:{&quot;url&quot;:&quot;&quot;,&quot;id&quot;:&quot;&quot;,&quot;size&quot;:&quot;&quot;},&quot;_id&quot;:&quot;77181ff&quot;,&quot;jet_parallax_layout_image_tablet&quot;:{&quot;url&quot;:&quot;&quot;,&quot;id&quot;:&quot;&quot;,&quot;size&quot;:&quot;&quot;},&quot;jet_parallax_layout_image_mobile&quot;:{&quot;url&quot;:&quot;&quot;,&quot;id&quot;:&quot;&quot;,&quot;size&quot;:&quot;&quot;},&quot;jet_parallax_layout_speed&quot;:{&quot;unit&quot;:&quot;%&quot;,&quot;size&quot;:50,&quot;sizes&quot;:[]},&quot;jet_parallax_layout_type&quot;:&quot;scroll&quot;,&quot;jet_parallax_layout_direction&quot;:null,&quot;jet_parallax_layout_fx_direction&quot;:null,&quot;jet_parallax_layout_z_index&quot;:&quot;&quot;,&quot;jet_parallax_layout_bg_x&quot;:50,&quot;jet_parallax_layout_bg_x_tablet&quot;:&quot;&quot;,&quot;jet_parallax_layout_bg_x_mobile&quot;:&quot;&quot;,&quot;jet_parallax_layout_bg_y&quot;:50,&quot;jet_parallax_layout_bg_y_tablet&quot;:&quot;&quot;,&quot;jet_parallax_layout_bg_y_mobile&quot;:&quot;&quot;,&quot;jet_parallax_layout_bg_size&quot;:&quot;auto&quot;,&quot;jet_parallax_layout_bg_size_tablet&quot;:&quot;&quot;,&quot;jet_parallax_layout_bg_size_mobile&quot;:&quot;&quot;,&quot;jet_parallax_layout_animation_prop&quot;:&quot;transform&quot;,&quot;jet_parallax_layout_on&quot;:[&quot;desktop&quot;,&quot;tablet&quot;]}]}\">\n\t\t\t\t\t\t<div class=\"elementor-container elementor-column-gap-default\">\n\t\t\t\t\t<div class=\"elementor-column elementor-col-100 elementor-top-column elementor-element elementor-element-65e9307\" data-id=\"65e9307\" data-element_type=\"column\">\n\t\t\t<div class=\"elementor-widget-wrap elementor-element-populated\">\n\t\t\t\t\t\t\t\t<div class=\"elementor-element elementor-element-b60d538 elementor-widget elementor-widget-jet-banner\" data-id=\"b60d538\" data-element_type=\"widget\" data-widget_type=\"jet-banner.default\">\n\t\t\t\t<div class=\"elementor-widget-container\">\n\t\t\t<div class=\"elementor-jet-banner jet-elements\"><figure class=\"jet-banner jet-effect-oscar\"><div class=\"jet-banner__overlay\"><\/div><img decoding=\"async\" src=\"https:\/\/yy-pmc.com\/wp-content\/uploads\/Kozakli-Municipality-Geothermal-Project-7.jpeg\" alt=\"Kozakl\u0131 Municipality Geothermal Project (7)\" class=\"jet-banner__img\"><figcaption class=\"jet-banner__content\"><div class=\"jet-banner__content-wrap\"><h5 class=\"jet-banner__title\">Kozakl\u0131 Belediyesi Jeotermal Projesi<\/h5><\/div><\/figcaption><\/figure>\n<\/div>\t\t<\/div>\n\t\t\t\t<\/div>\n\t\t\t\t\t<\/div>\n\t\t<\/div>\n\t\t\t\t\t\t\t<\/div>\n\t\t<\/section>\n\t\t\t\t<section class=\"elementor-section elementor-top-section elementor-element elementor-element-2925c53 elementor-section-boxed elementor-section-height-default elementor-section-height-default\" data-id=\"2925c53\" data-element_type=\"section\" data-settings=\"{&quot;jet_parallax_layout_list&quot;:[{&quot;jet_parallax_layout_image&quot;:{&quot;url&quot;:&quot;&quot;,&quot;id&quot;:&quot;&quot;,&quot;size&quot;:&quot;&quot;},&quot;_id&quot;:&quot;77181ff&quot;,&quot;jet_parallax_layout_image_tablet&quot;:{&quot;url&quot;:&quot;&quot;,&quot;id&quot;:&quot;&quot;,&quot;size&quot;:&quot;&quot;},&quot;jet_parallax_layout_image_mobile&quot;:{&quot;url&quot;:&quot;&quot;,&quot;id&quot;:&quot;&quot;,&quot;size&quot;:&quot;&quot;},&quot;jet_parallax_layout_speed&quot;:{&quot;unit&quot;:&quot;%&quot;,&quot;size&quot;:50,&quot;sizes&quot;:[]},&quot;jet_parallax_layout_type&quot;:&quot;scroll&quot;,&quot;jet_parallax_layout_direction&quot;:null,&quot;jet_parallax_layout_fx_direction&quot;:null,&quot;jet_parallax_layout_z_index&quot;:&quot;&quot;,&quot;jet_parallax_layout_bg_x&quot;:50,&quot;jet_parallax_layout_bg_x_tablet&quot;:&quot;&quot;,&quot;jet_parallax_layout_bg_x_mobile&quot;:&quot;&quot;,&quot;jet_parallax_layout_bg_y&quot;:50,&quot;jet_parallax_layout_bg_y_tablet&quot;:&quot;&quot;,&quot;jet_parallax_layout_bg_y_mobile&quot;:&quot;&quot;,&quot;jet_parallax_layout_bg_size&quot;:&quot;auto&quot;,&quot;jet_parallax_layout_bg_size_tablet&quot;:&quot;&quot;,&quot;jet_parallax_layout_bg_size_mobile&quot;:&quot;&quot;,&quot;jet_parallax_layout_animation_prop&quot;:&quot;transform&quot;,&quot;jet_parallax_layout_on&quot;:[&quot;desktop&quot;,&quot;tablet&quot;]}]}\">\n\t\t\t\t\t\t<div class=\"elementor-container elementor-column-gap-default\">\n\t\t\t\t\t<div class=\"elementor-column elementor-col-33 elementor-top-column elementor-element elementor-element-c9d19c0\" data-id=\"c9d19c0\" data-element_type=\"column\">\n\t\t\t<div class=\"elementor-widget-wrap elementor-element-populated\">\n\t\t\t\t\t\t\t\t<div class=\"elementor-element elementor-element-0288aa0 elementor-widget elementor-widget-heading\" data-id=\"0288aa0\" data-element_type=\"widget\" data-widget_type=\"heading.default\">\n\t\t\t\t<div class=\"elementor-widget-container\">\n\t\t\t<h2 class=\"elementor-heading-title elementor-size-default\">Kozakl\u0131 Belediyesi Jeotermal Projesi<\/h2>\t\t<\/div>\n\t\t\t\t<\/div>\n\t\t\t\t<div class=\"elementor-element elementor-element-8f40b4f elementor-widget elementor-widget-heading\" data-id=\"8f40b4f\" data-element_type=\"widget\" data-widget_type=\"heading.default\">\n\t\t\t\t<div class=\"elementor-widget-container\">\n\t\t\t<h3 class=\"elementor-heading-title elementor-size-default\">Proje:<\/h3>\t\t<\/div>\n\t\t\t\t<\/div>\n\t\t\t\t<div class=\"elementor-element elementor-element-3af278e elementor-widget elementor-widget-text-editor\" data-id=\"3af278e\" data-element_type=\"widget\" data-widget_type=\"text-editor.default\">\n\t\t\t\t<div class=\"elementor-widget-container\">\n\t\t\t\t\t\t\t<p>Nev\u015fehir Kozakl\u0131 il\u00e7esinin s\u0131n\u0131rlar\u0131 dahilinde,<\/p><p>25 km&#8217;lik yeni termal hat. in\u015fa edilmesi ve bir k\u0131sm\u0131n\u0131n \u00e7elik boru ile yenilenmesi,<\/p><p>15 km. PPRC boru ile yenilenecek,<\/p><p>Toplam 40 km boru i\u015fleri<\/p><p>Jeotermal \u015fehir \u0131s\u0131tma a\u011f\u0131n\u0131n in\u015faat\u0131 ve devreye al\u0131nmas\u0131, mevcut ana \u0131s\u0131 transfer merkezi yerine 9 ada \u0131s\u0131 transfer merkezi ve 18 \u0131s\u0131 e\u015fanj\u00f6r\u00fc ile 8 mahalleyi \u0131s\u0131tmak i\u00e7in kurulmal\u0131d\u0131r.<\/p>\t\t\t\t\t\t<\/div>\n\t\t\t\t<\/div>\n\t\t\t\t\t<\/div>\n\t\t<\/div>\n\t\t\t\t<div class=\"elementor-column elementor-col-33 elementor-top-column elementor-element elementor-element-ad4c5ae\" data-id=\"ad4c5ae\" data-element_type=\"column\">\n\t\t\t<div class=\"elementor-widget-wrap\">\n\t\t\t\t\t\t\t\t\t<\/div>\n\t\t<\/div>\n\t\t\t\t<div class=\"elementor-column elementor-col-33 elementor-top-column elementor-element elementor-element-fad5226\" data-id=\"fad5226\" data-element_type=\"column\">\n\t\t\t<div class=\"elementor-widget-wrap elementor-element-populated\">\n\t\t\t\t\t\t\t\t<div class=\"elementor-element elementor-element-b17cf70 elementor-widget elementor-widget-heading\" data-id=\"b17cf70\" data-element_type=\"widget\" data-widget_type=\"heading.default\">\n\t\t\t\t<div class=\"elementor-widget-container\">\n\t\t\t<h2 class=\"elementor-heading-title elementor-size-default\">Sa\u011flanan Hizmetler<\/h2>\t\t<\/div>\n\t\t\t\t<\/div>\n\t\t\t\t<div class=\"elementor-element elementor-element-e1da1c2 elementor-widget elementor-widget-text-editor\" data-id=\"e1da1c2\" data-element_type=\"widget\" data-widget_type=\"text-editor.default\">\n\t\t\t\t<div class=\"elementor-widget-container\">\n\t\t\t\t\t\t\t<ul>\n<li>\n<p>\u0130\u015fverenin Temsilcisi<\/p>\n<\/li>\n<li>\n<p>\u0130hale Y\u00f6netimi<\/p>\n<\/li>\n<li>\n<p>\u0130hale Belgelerinin Haz\u0131rlanmas\u0131<\/p>\n<\/li>\n<li>\n<p>Teknik \u00f6zelliklerin Haz\u0131rlanmas\u0131<\/p>\n<\/li>\n<li>\n<p>D\u00fcnya Bankas\u0131 Prosed\u00fcrlerine Uygun Belge Y\u00f6netimi<\/p>\n<\/li>\n<li>\n<p>Proje Y\u00f6netimi<\/p>\n<\/li>\n<li>\n<p>Anla\u015fmazl\u0131k Y\u00f6netim Kurulu \u00dcyesi (DAB)<\/p>\n<\/li>\n<\/ul>\t\t\t\t\t\t<\/div>\n\t\t\t\t<\/div>\n\t\t\t\t\t<\/div>\n\t\t<\/div>\n\t\t\t\t\t\t\t<\/div>\n\t\t<\/section>\n\t\t\t\t<section class=\"elementor-section elementor-top-section elementor-element elementor-element-3b5baaa elementor-section-boxed elementor-section-height-default elementor-section-height-default\" data-id=\"3b5baaa\" data-element_type=\"section\" data-settings=\"{&quot;jet_parallax_layout_list&quot;:[{&quot;jet_parallax_layout_image&quot;:{&quot;url&quot;:&quot;&quot;,&quot;id&quot;:&quot;&quot;,&quot;size&quot;:&quot;&quot;},&quot;_id&quot;:&quot;a505fad&quot;,&quot;jet_parallax_layout_image_tablet&quot;:{&quot;url&quot;:&quot;&quot;,&quot;id&quot;:&quot;&quot;,&quot;size&quot;:&quot;&quot;},&quot;jet_parallax_layout_image_mobile&quot;:{&quot;url&quot;:&quot;&quot;,&quot;id&quot;:&quot;&quot;,&quot;size&quot;:&quot;&quot;},&quot;jet_parallax_layout_speed&quot;:{&quot;unit&quot;:&quot;%&quot;,&quot;size&quot;:50,&quot;sizes&quot;:[]},&quot;jet_parallax_layout_type&quot;:&quot;scroll&quot;,&quot;jet_parallax_layout_direction&quot;:null,&quot;jet_parallax_layout_fx_direction&quot;:null,&quot;jet_parallax_layout_z_index&quot;:&quot;&quot;,&quot;jet_parallax_layout_bg_x&quot;:50,&quot;jet_parallax_layout_bg_x_tablet&quot;:&quot;&quot;,&quot;jet_parallax_layout_bg_x_mobile&quot;:&quot;&quot;,&quot;jet_parallax_layout_bg_y&quot;:50,&quot;jet_parallax_layout_bg_y_tablet&quot;:&quot;&quot;,&quot;jet_parallax_layout_bg_y_mobile&quot;:&quot;&quot;,&quot;jet_parallax_layout_bg_size&quot;:&quot;auto&quot;,&quot;jet_parallax_layout_bg_size_tablet&quot;:&quot;&quot;,&quot;jet_parallax_layout_bg_size_mobile&quot;:&quot;&quot;,&quot;jet_parallax_layout_animation_prop&quot;:&quot;transform&quot;,&quot;jet_parallax_layout_on&quot;:[&quot;desktop&quot;,&quot;tablet&quot;]}]}\">\n\t\t\t\t\t\t<div class=\"elementor-container elementor-column-gap-default\">\n\t\t\t\t\t<div class=\"elementor-column elementor-col-100 elementor-top-column elementor-element elementor-element-d102725\" data-id=\"d102725\" data-element_type=\"column\">\n\t\t\t<div class=\"elementor-widget-wrap elementor-element-populated\">\n\t\t\t\t\t\t\t\t<div class=\"elementor-element elementor-element-5090e3d elementor-widget elementor-widget-gallery\" data-id=\"5090e3d\" data-element_type=\"widget\" data-settings=\"{&quot;columns&quot;:3,&quot;lazyload&quot;:&quot;yes&quot;,&quot;gallery_layout&quot;:&quot;grid&quot;,&quot;columns_tablet&quot;:2,&quot;columns_mobile&quot;:1,&quot;gap&quot;:{&quot;unit&quot;:&quot;px&quot;,&quot;size&quot;:10,&quot;sizes&quot;:[]},&quot;gap_tablet&quot;:{&quot;unit&quot;:&quot;px&quot;,&quot;size&quot;:10,&quot;sizes&quot;:[]},&quot;gap_mobile&quot;:{&quot;unit&quot;:&quot;px&quot;,&quot;size&quot;:10,&quot;sizes&quot;:[]},&quot;link_to&quot;:&quot;file&quot;,&quot;aspect_ratio&quot;:&quot;3:2&quot;,&quot;overlay_background&quot;:&quot;yes&quot;,&quot;content_hover_animation&quot;:&quot;fade-in&quot;}\" data-widget_type=\"gallery.default\">\n\t\t\t\t<div class=\"elementor-widget-container\">\n\t\t\t\t\t<div class=\"elementor-gallery__container\">\n\t\t\t\t\t\t\t<a class=\"e-gallery-item elementor-gallery-item elementor-animated-content\" href=\"https:\/\/yy-pmc.com\/wp-content\/uploads\/Kozakli-Municipality-Geothermal-Project-3.jpeg\" data-elementor-open-lightbox=\"yes\" data-elementor-lightbox-slideshow=\"all-5090e3d\" data-elementor-lightbox-title=\"Kozakl\u0131 Belediyesi Jeotermal Projesi (3)\" data-e-action-hash=\"#elementor-action%3Aaction%3Dlightbox%26settings%3DeyJpZCI6MjI4NSwidXJsIjoiaHR0cHM6XC9cL3l5LXBtYy5jb21cL3dwLWNvbnRlbnRcL3VwbG9hZHNcL0tvemFrbGktTXVuaWNpcGFsaXR5LUdlb3RoZXJtYWwtUHJvamVjdC0zLmpwZWciLCJzbGlkZXNob3ciOiJhbGwtNTA5MGUzZCJ9\">\n\t\t\t\t\t<div class=\"e-gallery-image elementor-gallery-item__image\" data-thumbnail=\"https:\/\/yy-pmc.com\/wp-content\/uploads\/Kozakli-Municipality-Geothermal-Project-3-768x1024.jpeg\" data-width=\"768\" data-height=\"1024\" alt=\"\" ><\/div>\n\t\t\t\t\t\t\t\t\t\t\t<div class=\"elementor-gallery-item__overlay\"><\/div>\n\t\t\t\t\t\t\t\t\t\t\t\t\t\t<\/a>\n\t\t\t\t\t\t\t<a class=\"e-gallery-item elementor-gallery-item elementor-animated-content\" href=\"https:\/\/yy-pmc.com\/wp-content\/uploads\/Kozakli-Municipality-Geothermal-Project-2.jpeg\" data-elementor-open-lightbox=\"yes\" data-elementor-lightbox-slideshow=\"all-5090e3d\" data-elementor-lightbox-title=\"Kozakl\u0131 Belediyesi Jeotermal Projesi (2)\" data-e-action-hash=\"#elementor-action%3Aaction%3Dlightbox%26settings%3DeyJpZCI6MjI4NywidXJsIjoiaHR0cHM6XC9cL3l5LXBtYy5jb21cL3dwLWNvbnRlbnRcL3VwbG9hZHNcL0tvemFrbGktTXVuaWNpcGFsaXR5LUdlb3RoZXJtYWwtUHJvamVjdC0yLmpwZWciLCJzbGlkZXNob3ciOiJhbGwtNTA5MGUzZCJ9\">\n\t\t\t\t\t<div class=\"e-gallery-image elementor-gallery-item__image\" data-thumbnail=\"https:\/\/yy-pmc.com\/wp-content\/uploads\/Kozakli-Municipality-Geothermal-Project-2-768x1024.jpeg\" data-width=\"768\" data-height=\"1024\" alt=\"\" ><\/div>\n\t\t\t\t\t\t\t\t\t\t\t<div class=\"elementor-gallery-item__overlay\"><\/div>\n\t\t\t\t\t\t\t\t\t\t\t\t\t\t<\/a>\n\t\t\t\t\t\t\t<a class=\"e-gallery-item elementor-gallery-item elementor-animated-content\" href=\"https:\/\/yy-pmc.com\/wp-content\/uploads\/Kozakli-Municipality-Geothermal-Project-1.jpeg\" data-elementor-open-lightbox=\"yes\" data-elementor-lightbox-slideshow=\"all-5090e3d\" data-elementor-lightbox-title=\"Kozakl\u0131 Belediyesi Jeotermal Projesi (1)\" data-e-action-hash=\"#elementor-action%3Aaction%3Dlightbox%26settings%3DeyJpZCI6MjI4OSwidXJsIjoiaHR0cHM6XC9cL3l5LXBtYy5jb21cL3dwLWNvbnRlbnRcL3VwbG9hZHNcL0tvemFrbGktTXVuaWNpcGFsaXR5LUdlb3RoZXJtYWwtUHJvamVjdC0xLmpwZWciLCJzbGlkZXNob3ciOiJhbGwtNTA5MGUzZCJ9\">\n\t\t\t\t\t<div class=\"e-gallery-image elementor-gallery-item__image\" data-thumbnail=\"https:\/\/yy-pmc.com\/wp-content\/uploads\/Kozakli-Municipality-Geothermal-Project-1-768x1024.jpeg\" data-width=\"768\" data-height=\"1024\" alt=\"\" ><\/div>\n\t\t\t\t\t\t\t\t\t\t\t<div class=\"elementor-gallery-item__overlay\"><\/div>\n\t\t\t\t\t\t\t\t\t\t\t\t\t\t<\/a>\n\t\t\t\t\t\t\t<a class=\"e-gallery-item elementor-gallery-item elementor-animated-content\" href=\"https:\/\/yy-pmc.com\/wp-content\/uploads\/Kozakli-Municipality-Geothermal-Project-6.jpeg\" data-elementor-open-lightbox=\"yes\" data-elementor-lightbox-slideshow=\"all-5090e3d\" data-elementor-lightbox-title=\"Kozakl\u0131 Belediyesi Jeotermal Projesi (6)\" data-e-action-hash=\"#elementor-action%3Aaction%3Dlightbox%26settings%3DeyJpZCI6MjI5MywidXJsIjoiaHR0cHM6XC9cL3l5LXBtYy5jb21cL3dwLWNvbnRlbnRcL3VwbG9hZHNcL0tvemFrbGktTXVuaWNpcGFsaXR5LUdlb3RoZXJtYWwtUHJvamVjdC02LmpwZWciLCJzbGlkZXNob3ciOiJhbGwtNTA5MGUzZCJ9\">\n\t\t\t\t\t<div class=\"e-gallery-image elementor-gallery-item__image\" data-thumbnail=\"https:\/\/yy-pmc.com\/wp-content\/uploads\/Kozakli-Municipality-Geothermal-Project-6-768x1024.jpeg\" data-width=\"768\" data-height=\"1024\" alt=\"\" ><\/div>\n\t\t\t\t\t\t\t\t\t\t\t<div class=\"elementor-gallery-item__overlay\"><\/div>\n\t\t\t\t\t\t\t\t\t\t\t\t\t\t<\/a>\n\t\t\t\t\t\t\t<a class=\"e-gallery-item elementor-gallery-item elementor-animated-content\" href=\"https:\/\/yy-pmc.com\/wp-content\/uploads\/Kozakli-Municipality-Geothermal-Project-5.jpeg\" data-elementor-open-lightbox=\"yes\" data-elementor-lightbox-slideshow=\"all-5090e3d\" data-elementor-lightbox-title=\"Kozakl\u0131 Belediyesi Jeotermal Projesi (5)\" data-e-action-hash=\"#elementor-action%3Aaction%3Dlightbox%26settings%3DeyJpZCI6MjI5NSwidXJsIjoiaHR0cHM6XC9cL3l5LXBtYy5jb21cL3dwLWNvbnRlbnRcL3VwbG9hZHNcL0tvemFrbGktTXVuaWNpcGFsaXR5LUdlb3RoZXJtYWwtUHJvamVjdC01LmpwZWciLCJzbGlkZXNob3ciOiJhbGwtNTA5MGUzZCJ9\">\n\t\t\t\t\t<div class=\"e-gallery-image elementor-gallery-item__image\" data-thumbnail=\"https:\/\/yy-pmc.com\/wp-content\/uploads\/Kozakli-Municipality-Geothermal-Project-5-768x1024.jpeg\" data-width=\"768\" data-height=\"1024\" alt=\"\" ><\/div>\n\t\t\t\t\t\t\t\t\t\t\t<div class=\"elementor-gallery-item__overlay\"><\/div>\n\t\t\t\t\t\t\t\t\t\t\t\t\t\t<\/a>\n\t\t\t\t\t\t\t<a class=\"e-gallery-item elementor-gallery-item elementor-animated-content\" href=\"https:\/\/yy-pmc.com\/wp-content\/uploads\/Kozakli-Municipality-Geothermal-Project-4.jpeg\" data-elementor-open-lightbox=\"yes\" data-elementor-lightbox-slideshow=\"all-5090e3d\" data-elementor-lightbox-title=\"Kozakl\u0131 Belediyesi Jeotermal Projesi (4)\" data-e-action-hash=\"#elementor-action%3Aaction%3Dlightbox%26settings%3DeyJpZCI6MjI5NywidXJsIjoiaHR0cHM6XC9cL3l5LXBtYy5jb21cL3dwLWNvbnRlbnRcL3VwbG9hZHNcL0tvemFrbGktTXVuaWNpcGFsaXR5LUdlb3RoZXJtYWwtUHJvamVjdC00LmpwZWciLCJzbGlkZXNob3ciOiJhbGwtNTA5MGUzZCJ9\">\n\t\t\t\t\t<div class=\"e-gallery-image elementor-gallery-item__image\" data-thumbnail=\"https:\/\/yy-pmc.com\/wp-content\/uploads\/Kozakli-Municipality-Geothermal-Project-4-768x576.jpeg\" data-width=\"768\" data-height=\"576\" alt=\"\" ><\/div>\n\t\t\t\t\t\t\t\t\t\t\t<div class=\"elementor-gallery-item__overlay\"><\/div>\n\t\t\t\t\t\t\t\t\t\t\t\t\t\t<\/a>\n\t\t\t\t\t<\/div>\n\t\t\t<\/div>\n\t\t\t\t<\/div>\n\t\t\t\t\t<\/div>\n\t\t<\/div>\n\t\t\t\t\t\t\t<\/div>\n\t\t<\/section>\n\t\t\t\t\t\t\t<\/div>\n\t\t","protected":false},"excerpt":{"rendered":"<p>Kozakl\u0131 Belediyesi Jeotermal Projesi Kozakl\u0131 Belediyesi Jeotermal Projesi Proje: Nev\u015fehir Kozakl\u0131 il\u00e7esinin s\u0131n\u0131rlar\u0131 dahilinde, 25 km&#8217;lik yeni termal hat. in\u015fa edilmesi ve bir k\u0131sm\u0131n\u0131n \u00e7elik boru ile yenilenmesi, 15 km. PPRC boru ile yenilenecek, Toplam 40 km boru i\u015fleri Jeotermal \u015fehir \u0131s\u0131tma a\u011f\u0131n\u0131n in\u015faat\u0131 ve devreye al\u0131nmas\u0131, mevcut ana \u0131s\u0131 transfer merkezi yerine 9 ada [&hellip;]<\/p>\n","protected":false},"author":1,"featured_media":0,"parent":0,"menu_order":0,"comment_status":"closed","ping_status":"closed","template":"","meta":{"footnotes":""},"yoast_head":"<!-- This site is optimized with the Yoast SEO plugin v21.0 - https:\/\/yoast.com\/wordpress\/plugins\/seo\/ -->\n<title>Kozakl\u0131 Belediyesi Jeotermal Projesi - YY PMC<\/title>\n<meta name=\"robots\" content=\"index, follow, max-snippet:-1, max-image-preview:large, max-video-preview:-1\" \/>\n<link rel=\"canonical\" href=\"https:\/\/yy-pmc.com\/tr\/kozakli-belediyesi-jeotermal-projesi\/\" \/>\n<meta property=\"og:locale\" content=\"tr_TR\" \/>\n<meta property=\"og:type\" content=\"article\" \/>\n<meta property=\"og:title\" content=\"Kozakl\u0131 Belediyesi Jeotermal Projesi - YY PMC\" \/>\n<meta property=\"og:description\" content=\"Kozakl\u0131 Belediyesi Jeotermal Projesi Kozakl\u0131 Belediyesi Jeotermal Projesi Proje: Nev\u015fehir Kozakl\u0131 il\u00e7esinin s\u0131n\u0131rlar\u0131 dahilinde, 25 km&#8217;lik yeni termal hat. in\u015fa edilmesi ve bir k\u0131sm\u0131n\u0131n \u00e7elik boru ile yenilenmesi, 15 km. PPRC boru ile yenilenecek, Toplam 40 km boru i\u015fleri Jeotermal \u015fehir \u0131s\u0131tma a\u011f\u0131n\u0131n in\u015faat\u0131 ve devreye al\u0131nmas\u0131, mevcut ana \u0131s\u0131 transfer merkezi yerine 9 ada [&hellip;]\" \/>\n<meta property=\"og:url\" content=\"https:\/\/yy-pmc.com\/tr\/kozakli-belediyesi-jeotermal-projesi\/\" \/>\n<meta property=\"og:site_name\" content=\"YY PMC\" \/>\n<meta property=\"article:modified_time\" content=\"2022-02-16T08:46:28+00:00\" \/>\n<meta property=\"og:image\" content=\"https:\/\/yy-pmc.com.tr\/wp-content\/uploads\/Kozakli-Municipality-Geothermal-Project-7.jpeg\" \/>\n<meta name=\"twitter:card\" content=\"summary_large_image\" \/>\n<meta name=\"twitter:label1\" content=\"Tahmini okuma s\u00fcresi\" \/>\n\t<meta name=\"twitter:data1\" content=\"1 dakika\" \/>\n<script type=\"application\/ld+json\" class=\"yoast-schema-graph\">{\"@context\":\"https:\/\/schema.org\",\"@graph\":[{\"@type\":\"WebPage\",\"@id\":\"https:\/\/yy-pmc.com\/tr\/kozakli-belediyesi-jeotermal-projesi\/\",\"url\":\"https:\/\/yy-pmc.com\/tr\/kozakli-belediyesi-jeotermal-projesi\/\",\"name\":\"Kozakl\u0131 Belediyesi Jeotermal Projesi - YY PMC\",\"isPartOf\":{\"@id\":\"https:\/\/yy-pmc.com\/#website\"},\"datePublished\":\"2022-02-16T08:46:25+00:00\",\"dateModified\":\"2022-02-16T08:46:28+00:00\",\"breadcrumb\":{\"@id\":\"https:\/\/yy-pmc.com\/tr\/kozakli-belediyesi-jeotermal-projesi\/#breadcrumb\"},\"inLanguage\":\"tr\",\"potentialAction\":[{\"@type\":\"ReadAction\",\"target\":[\"https:\/\/yy-pmc.com\/tr\/kozakli-belediyesi-jeotermal-projesi\/\"]}]},{\"@type\":\"BreadcrumbList\",\"@id\":\"https:\/\/yy-pmc.com\/tr\/kozakli-belediyesi-jeotermal-projesi\/#breadcrumb\",\"itemListElement\":[{\"@type\":\"ListItem\",\"position\":1,\"name\":\"Home\",\"item\":\"https:\/\/yy-pmc.com\/tr\/\"},{\"@type\":\"ListItem\",\"position\":2,\"name\":\"Kozakl\u0131 Belediyesi Jeotermal Projesi\"}]},{\"@type\":\"WebSite\",\"@id\":\"https:\/\/yy-pmc.com\/#website\",\"url\":\"https:\/\/yy-pmc.com\/\",\"name\":\"YY PMC\",\"description\":\"Dan\u0131\u015fmanl\u0131k\",\"publisher\":{\"@id\":\"https:\/\/yy-pmc.com\/#organization\"},\"potentialAction\":[{\"@type\":\"SearchAction\",\"target\":{\"@type\":\"EntryPoint\",\"urlTemplate\":\"https:\/\/yy-pmc.com\/?s={search_term_string}\"},\"query-input\":\"required name=search_term_string\"}],\"inLanguage\":\"tr\"},{\"@type\":\"Organization\",\"@id\":\"https:\/\/yy-pmc.com\/#organization\",\"name\":\"YY PMC\",\"url\":\"https:\/\/yy-pmc.com\/\",\"logo\":{\"@type\":\"ImageObject\",\"inLanguage\":\"tr\",\"@id\":\"https:\/\/yy-pmc.com\/#\/schema\/logo\/image\/\",\"url\":\"\",\"contentUrl\":\"\",\"caption\":\"YY PMC\"},\"image\":{\"@id\":\"https:\/\/yy-pmc.com\/#\/schema\/logo\/image\/\"}}]}<\/script>\n<!-- \/ Yoast SEO plugin. -->","yoast_head_json":{"title":"Kozakl\u0131 Belediyesi Jeotermal Projesi - YY PMC","robots":{"index":"index","follow":"follow","max-snippet":"max-snippet:-1","max-image-preview":"max-image-preview:large","max-video-preview":"max-video-preview:-1"},"canonical":"https:\/\/yy-pmc.com\/tr\/kozakli-belediyesi-jeotermal-projesi\/","og_locale":"tr_TR","og_type":"article","og_title":"Kozakl\u0131 Belediyesi Jeotermal Projesi - YY PMC","og_description":"Kozakl\u0131 Belediyesi Jeotermal Projesi Kozakl\u0131 Belediyesi Jeotermal Projesi Proje: Nev\u015fehir Kozakl\u0131 il\u00e7esinin s\u0131n\u0131rlar\u0131 dahilinde, 25 km&#8217;lik yeni termal hat. in\u015fa edilmesi ve bir k\u0131sm\u0131n\u0131n \u00e7elik boru ile yenilenmesi, 15 km. PPRC boru ile yenilenecek, Toplam 40 km boru i\u015fleri Jeotermal \u015fehir \u0131s\u0131tma a\u011f\u0131n\u0131n in\u015faat\u0131 ve devreye al\u0131nmas\u0131, mevcut ana \u0131s\u0131 transfer merkezi yerine 9 ada [&hellip;]","og_url":"https:\/\/yy-pmc.com\/tr\/kozakli-belediyesi-jeotermal-projesi\/","og_site_name":"YY PMC","article_modified_time":"2022-02-16T08:46:28+00:00","og_image":[{"url":"https:\/\/yy-pmc.com.tr\/wp-content\/uploads\/Kozakli-Municipality-Geothermal-Project-7.jpeg"}],"twitter_card":"summary_large_image","twitter_misc":{"Tahmini okuma s\u00fcresi":"1 dakika"},"schema":{"@context":"https:\/\/schema.org","@graph":[{"@type":"WebPage","@id":"https:\/\/yy-pmc.com\/tr\/kozakli-belediyesi-jeotermal-projesi\/","url":"https:\/\/yy-pmc.com\/tr\/kozakli-belediyesi-jeotermal-projesi\/","name":"Kozakl\u0131 Belediyesi Jeotermal Projesi - YY PMC","isPartOf":{"@id":"https:\/\/yy-pmc.com\/#website"},"datePublished":"2022-02-16T08:46:25+00:00","dateModified":"2022-02-16T08:46:28+00:00","breadcrumb":{"@id":"https:\/\/yy-pmc.com\/tr\/kozakli-belediyesi-jeotermal-projesi\/#breadcrumb"},"inLanguage":"tr","potentialAction":[{"@type":"ReadAction","target":["https:\/\/yy-pmc.com\/tr\/kozakli-belediyesi-jeotermal-projesi\/"]}]},{"@type":"BreadcrumbList","@id":"https:\/\/yy-pmc.com\/tr\/kozakli-belediyesi-jeotermal-projesi\/#breadcrumb","itemListElement":[{"@type":"ListItem","position":1,"name":"Home","item":"https:\/\/yy-pmc.com\/tr\/"},{"@type":"ListItem","position":2,"name":"Kozakl\u0131 Belediyesi Jeotermal Projesi"}]},{"@type":"WebSite","@id":"https:\/\/yy-pmc.com\/#website","url":"https:\/\/yy-pmc.com\/","name":"YY PMC","description":"Dan\u0131\u015fmanl\u0131k","publisher":{"@id":"https:\/\/yy-pmc.com\/#organization"},"potentialAction":[{"@type":"SearchAction","target":{"@type":"EntryPoint","urlTemplate":"https:\/\/yy-pmc.com\/?s={search_term_string}"},"query-input":"required name=search_term_string"}],"inLanguage":"tr"},{"@type":"Organization","@id":"https:\/\/yy-pmc.com\/#organization","name":"YY PMC","url":"https:\/\/yy-pmc.com\/","logo":{"@type":"ImageObject","inLanguage":"tr","@id":"https:\/\/yy-pmc.com\/#\/schema\/logo\/image\/","url":"","contentUrl":"","caption":"YY PMC"},"image":{"@id":"https:\/\/yy-pmc.com\/#\/schema\/logo\/image\/"}}]}},"_links":{"self":[{"href":"https:\/\/yy-pmc.com\/tr\/wp-json\/wp\/v2\/pages\/2312"}],"collection":[{"href":"https:\/\/yy-pmc.com\/tr\/wp-json\/wp\/v2\/pages"}],"about":[{"href":"https:\/\/yy-pmc.com\/tr\/wp-json\/wp\/v2\/types\/page"}],"author":[{"embeddable":true,"href":"https:\/\/yy-pmc.com\/tr\/wp-json\/wp\/v2\/users\/1"}],"replies":[{"embeddable":true,"href":"https:\/\/yy-pmc.com\/tr\/wp-json\/wp\/v2\/comments?post=2312"}],"version-history":[{"count":0,"href":"https:\/\/yy-pmc.com\/tr\/wp-json\/wp\/v2\/pages\/2312\/revisions"}],"wp:attachment":[{"href":"https:\/\/yy-pmc.com\/tr\/wp-json\/wp\/v2\/media?parent=2312"}],"curies":[{"name":"wp","href":"https:\/\/api.w.org\/{rel}","templated":true}]}}