{"id":2332,"date":"2022-02-16T12:21:31","date_gmt":"2022-02-16T09:21:31","guid":{"rendered":"https:\/\/yy-pmc.com.tr\/turk-telekom-veri-merkezi\/"},"modified":"2022-02-16T12:21:35","modified_gmt":"2022-02-16T09:21:35","slug":"turk-telekom-veri-merkezi","status":"publish","type":"page","link":"https:\/\/yy-pmc.com\/tr\/turk-telekom-veri-merkezi\/","title":{"rendered":"T\u00fcrk Telekom Veri Merkezi"},"content":{"rendered":"\t\t<div data-elementor-type=\"wp-page\" data-elementor-id=\"2332\" class=\"elementor elementor-2332 elementor-1216\">\n\t\t\t\t\t\t\t\t\t<section class=\"elementor-section elementor-top-section elementor-element elementor-element-0055c57 elementor-section-boxed elementor-section-height-default elementor-section-height-default\" data-id=\"0055c57\" data-element_type=\"section\" data-settings=\"{&quot;jet_parallax_layout_list&quot;:[{&quot;jet_parallax_layout_image&quot;:{&quot;url&quot;:&quot;&quot;,&quot;id&quot;:&quot;&quot;,&quot;size&quot;:&quot;&quot;},&quot;_id&quot;:&quot;77181ff&quot;,&quot;jet_parallax_layout_image_tablet&quot;:{&quot;url&quot;:&quot;&quot;,&quot;id&quot;:&quot;&quot;,&quot;size&quot;:&quot;&quot;},&quot;jet_parallax_layout_image_mobile&quot;:{&quot;url&quot;:&quot;&quot;,&quot;id&quot;:&quot;&quot;,&quot;size&quot;:&quot;&quot;},&quot;jet_parallax_layout_speed&quot;:{&quot;unit&quot;:&quot;%&quot;,&quot;size&quot;:50,&quot;sizes&quot;:[]},&quot;jet_parallax_layout_type&quot;:&quot;scroll&quot;,&quot;jet_parallax_layout_direction&quot;:null,&quot;jet_parallax_layout_fx_direction&quot;:null,&quot;jet_parallax_layout_z_index&quot;:&quot;&quot;,&quot;jet_parallax_layout_bg_x&quot;:50,&quot;jet_parallax_layout_bg_x_tablet&quot;:&quot;&quot;,&quot;jet_parallax_layout_bg_x_mobile&quot;:&quot;&quot;,&quot;jet_parallax_layout_bg_y&quot;:50,&quot;jet_parallax_layout_bg_y_tablet&quot;:&quot;&quot;,&quot;jet_parallax_layout_bg_y_mobile&quot;:&quot;&quot;,&quot;jet_parallax_layout_bg_size&quot;:&quot;auto&quot;,&quot;jet_parallax_layout_bg_size_tablet&quot;:&quot;&quot;,&quot;jet_parallax_layout_bg_size_mobile&quot;:&quot;&quot;,&quot;jet_parallax_layout_animation_prop&quot;:&quot;transform&quot;,&quot;jet_parallax_layout_on&quot;:[&quot;desktop&quot;,&quot;tablet&quot;]}]}\">\n\t\t\t\t\t\t<div class=\"elementor-container elementor-column-gap-default\">\n\t\t\t\t\t<div class=\"elementor-column elementor-col-100 elementor-top-column elementor-element elementor-element-65e9307\" data-id=\"65e9307\" data-element_type=\"column\">\n\t\t\t<div class=\"elementor-widget-wrap elementor-element-populated\">\n\t\t\t\t\t\t\t\t<div class=\"elementor-element elementor-element-b60d538 elementor-widget elementor-widget-jet-banner\" data-id=\"b60d538\" data-element_type=\"widget\" data-widget_type=\"jet-banner.default\">\n\t\t\t\t<div class=\"elementor-widget-container\">\n\t\t\t<div class=\"elementor-jet-banner jet-elements\"><figure class=\"jet-banner jet-effect-oscar\"><div class=\"jet-banner__overlay\"><\/div><img decoding=\"async\" src=\"https:\/\/yy-pmc.com\/wp-content\/uploads\/Project-10-Turk-Telekom-Data-Base-9.jpg\" alt=\"Project 10 - T\u00fcrk Telekom Data Base (9)\" class=\"jet-banner__img\"><figcaption class=\"jet-banner__content\"><div class=\"jet-banner__content-wrap\"><h5 class=\"jet-banner__title\">T\u00fcrk Telekom Veri Merkezi<\/h5><\/div><\/figcaption><\/figure>\n<\/div>\t\t<\/div>\n\t\t\t\t<\/div>\n\t\t\t\t\t<\/div>\n\t\t<\/div>\n\t\t\t\t\t\t\t<\/div>\n\t\t<\/section>\n\t\t\t\t<section class=\"elementor-section elementor-top-section elementor-element elementor-element-2925c53 elementor-section-boxed elementor-section-height-default elementor-section-height-default\" data-id=\"2925c53\" data-element_type=\"section\" data-settings=\"{&quot;jet_parallax_layout_list&quot;:[{&quot;jet_parallax_layout_image&quot;:{&quot;url&quot;:&quot;&quot;,&quot;id&quot;:&quot;&quot;,&quot;size&quot;:&quot;&quot;},&quot;_id&quot;:&quot;77181ff&quot;,&quot;jet_parallax_layout_image_tablet&quot;:{&quot;url&quot;:&quot;&quot;,&quot;id&quot;:&quot;&quot;,&quot;size&quot;:&quot;&quot;},&quot;jet_parallax_layout_image_mobile&quot;:{&quot;url&quot;:&quot;&quot;,&quot;id&quot;:&quot;&quot;,&quot;size&quot;:&quot;&quot;},&quot;jet_parallax_layout_speed&quot;:{&quot;unit&quot;:&quot;%&quot;,&quot;size&quot;:50,&quot;sizes&quot;:[]},&quot;jet_parallax_layout_type&quot;:&quot;scroll&quot;,&quot;jet_parallax_layout_direction&quot;:null,&quot;jet_parallax_layout_fx_direction&quot;:null,&quot;jet_parallax_layout_z_index&quot;:&quot;&quot;,&quot;jet_parallax_layout_bg_x&quot;:50,&quot;jet_parallax_layout_bg_x_tablet&quot;:&quot;&quot;,&quot;jet_parallax_layout_bg_x_mobile&quot;:&quot;&quot;,&quot;jet_parallax_layout_bg_y&quot;:50,&quot;jet_parallax_layout_bg_y_tablet&quot;:&quot;&quot;,&quot;jet_parallax_layout_bg_y_mobile&quot;:&quot;&quot;,&quot;jet_parallax_layout_bg_size&quot;:&quot;auto&quot;,&quot;jet_parallax_layout_bg_size_tablet&quot;:&quot;&quot;,&quot;jet_parallax_layout_bg_size_mobile&quot;:&quot;&quot;,&quot;jet_parallax_layout_animation_prop&quot;:&quot;transform&quot;,&quot;jet_parallax_layout_on&quot;:[&quot;desktop&quot;,&quot;tablet&quot;]}]}\">\n\t\t\t\t\t\t<div class=\"elementor-container elementor-column-gap-default\">\n\t\t\t\t\t<div class=\"elementor-column elementor-col-33 elementor-top-column elementor-element elementor-element-c9d19c0\" data-id=\"c9d19c0\" data-element_type=\"column\">\n\t\t\t<div class=\"elementor-widget-wrap elementor-element-populated\">\n\t\t\t\t\t\t\t\t<div class=\"elementor-element elementor-element-0288aa0 elementor-widget elementor-widget-heading\" data-id=\"0288aa0\" data-element_type=\"widget\" data-widget_type=\"heading.default\">\n\t\t\t\t<div class=\"elementor-widget-container\">\n\t\t\t<h2 class=\"elementor-heading-title elementor-size-default\">Proje \u00d6zellikleri\n<\/h2>\t\t<\/div>\n\t\t\t\t<\/div>\n\t\t\t\t<div class=\"elementor-element elementor-element-3af278e elementor-widget elementor-widget-text-editor\" data-id=\"3af278e\" data-element_type=\"widget\" data-widget_type=\"text-editor.default\">\n\t\t\t\t<div class=\"elementor-widget-container\">\n\t\t\t\t\t\t\t<p>Proje: T\u00fcrk Telekom Veri Merkezi \u0130n\u015faat\u0131 (OSMM &#8211; \u00dcmitk\u00f6y Binas\u0131)<\/p><p>\u0130\u015fveren: T\u00fcrk Telekom<\/p><p>Yakla\u015f\u0131k Maliyet: 4 Milyon TL<\/p><p>Toplam Kapal\u0131 Alan: 3 bin metrekare<\/p>\t\t\t\t\t\t<\/div>\n\t\t\t\t<\/div>\n\t\t\t\t\t<\/div>\n\t\t<\/div>\n\t\t\t\t<div class=\"elementor-column elementor-col-33 elementor-top-column elementor-element elementor-element-ad4c5ae\" data-id=\"ad4c5ae\" data-element_type=\"column\">\n\t\t\t<div class=\"elementor-widget-wrap\">\n\t\t\t\t\t\t\t\t\t<\/div>\n\t\t<\/div>\n\t\t\t\t<div class=\"elementor-column elementor-col-33 elementor-top-column elementor-element elementor-element-fad5226\" data-id=\"fad5226\" data-element_type=\"column\">\n\t\t\t<div class=\"elementor-widget-wrap elementor-element-populated\">\n\t\t\t\t\t\t\t\t<div class=\"elementor-element elementor-element-b17cf70 elementor-widget elementor-widget-heading\" data-id=\"b17cf70\" data-element_type=\"widget\" data-widget_type=\"heading.default\">\n\t\t\t\t<div class=\"elementor-widget-container\">\n\t\t\t<h2 class=\"elementor-heading-title elementor-size-default\">Sa\u011flanan Hizmet<\/h2>\t\t<\/div>\n\t\t\t\t<\/div>\n\t\t\t\t<div class=\"elementor-element elementor-element-e1da1c2 elementor-widget elementor-widget-text-editor\" data-id=\"e1da1c2\" data-element_type=\"widget\" data-widget_type=\"text-editor.default\">\n\t\t\t\t<div class=\"elementor-widget-container\">\n\t\t\t\t\t\t\t<ul><li><p>\u0130\u015fveren Temsilcili\u011fi<\/p><\/li><li><p>\u0130hale Y\u00f6netimi<\/p><\/li><li><p>Proje Y\u00f6netimi<\/p><\/li><li><p>Kalite Y\u00f6netimi<\/p><\/li><li><p>Maliyet Kontrol\u00fc<\/p><\/li><li><p>Tasar\u0131m Y\u00f6netimi<\/p><\/li><li><p>Planlama ve Takip<\/p><\/li><li><p>\u0130lerleme \u00d6deme Onaylar\u0131<\/p><\/li><li><p>Talep Y\u00f6netimi.<\/p><\/li><li><p>Her t\u00fcrl\u00fc resmi yaz\u0131\u015fma, takip, da\u011f\u0131t\u0131m ve ar\u015fivleme y\u00f6netimi.<\/p><\/li><\/ul>\t\t\t\t\t\t<\/div>\n\t\t\t\t<\/div>\n\t\t\t\t\t<\/div>\n\t\t<\/div>\n\t\t\t\t\t\t\t<\/div>\n\t\t<\/section>\n\t\t\t\t<section class=\"elementor-section elementor-top-section elementor-element elementor-element-3b5baaa elementor-section-boxed elementor-section-height-default elementor-section-height-default\" data-id=\"3b5baaa\" data-element_type=\"section\" data-settings=\"{&quot;jet_parallax_layout_list&quot;:[{&quot;jet_parallax_layout_image&quot;:{&quot;url&quot;:&quot;&quot;,&quot;id&quot;:&quot;&quot;,&quot;size&quot;:&quot;&quot;},&quot;_id&quot;:&quot;a505fad&quot;,&quot;jet_parallax_layout_image_tablet&quot;:{&quot;url&quot;:&quot;&quot;,&quot;id&quot;:&quot;&quot;,&quot;size&quot;:&quot;&quot;},&quot;jet_parallax_layout_image_mobile&quot;:{&quot;url&quot;:&quot;&quot;,&quot;id&quot;:&quot;&quot;,&quot;size&quot;:&quot;&quot;},&quot;jet_parallax_layout_speed&quot;:{&quot;unit&quot;:&quot;%&quot;,&quot;size&quot;:50,&quot;sizes&quot;:[]},&quot;jet_parallax_layout_type&quot;:&quot;scroll&quot;,&quot;jet_parallax_layout_direction&quot;:null,&quot;jet_parallax_layout_fx_direction&quot;:null,&quot;jet_parallax_layout_z_index&quot;:&quot;&quot;,&quot;jet_parallax_layout_bg_x&quot;:50,&quot;jet_parallax_layout_bg_x_tablet&quot;:&quot;&quot;,&quot;jet_parallax_layout_bg_x_mobile&quot;:&quot;&quot;,&quot;jet_parallax_layout_bg_y&quot;:50,&quot;jet_parallax_layout_bg_y_tablet&quot;:&quot;&quot;,&quot;jet_parallax_layout_bg_y_mobile&quot;:&quot;&quot;,&quot;jet_parallax_layout_bg_size&quot;:&quot;auto&quot;,&quot;jet_parallax_layout_bg_size_tablet&quot;:&quot;&quot;,&quot;jet_parallax_layout_bg_size_mobile&quot;:&quot;&quot;,&quot;jet_parallax_layout_animation_prop&quot;:&quot;transform&quot;,&quot;jet_parallax_layout_on&quot;:[&quot;desktop&quot;,&quot;tablet&quot;]}]}\">\n\t\t\t\t\t\t<div class=\"elementor-container elementor-column-gap-default\">\n\t\t\t\t\t<div class=\"elementor-column elementor-col-100 elementor-top-column elementor-element elementor-element-d102725\" data-id=\"d102725\" data-element_type=\"column\">\n\t\t\t<div class=\"elementor-widget-wrap elementor-element-populated\">\n\t\t\t\t\t\t\t\t<div class=\"elementor-element elementor-element-5090e3d elementor-widget elementor-widget-gallery\" data-id=\"5090e3d\" data-element_type=\"widget\" data-settings=\"{&quot;columns&quot;:3,&quot;lazyload&quot;:&quot;yes&quot;,&quot;gallery_layout&quot;:&quot;grid&quot;,&quot;columns_tablet&quot;:2,&quot;columns_mobile&quot;:1,&quot;gap&quot;:{&quot;unit&quot;:&quot;px&quot;,&quot;size&quot;:10,&quot;sizes&quot;:[]},&quot;gap_tablet&quot;:{&quot;unit&quot;:&quot;px&quot;,&quot;size&quot;:10,&quot;sizes&quot;:[]},&quot;gap_mobile&quot;:{&quot;unit&quot;:&quot;px&quot;,&quot;size&quot;:10,&quot;sizes&quot;:[]},&quot;link_to&quot;:&quot;file&quot;,&quot;aspect_ratio&quot;:&quot;3:2&quot;,&quot;overlay_background&quot;:&quot;yes&quot;,&quot;content_hover_animation&quot;:&quot;fade-in&quot;}\" data-widget_type=\"gallery.default\">\n\t\t\t\t<div class=\"elementor-widget-container\">\n\t\t\t\t\t<div class=\"elementor-gallery__container\">\n\t\t\t\t\t\t\t<a class=\"e-gallery-item elementor-gallery-item elementor-animated-content\" href=\"https:\/\/yy-pmc.com\/wp-content\/uploads\/Project-10-Turk-Telekom-Data-Base-9.jpg\" data-elementor-open-lightbox=\"yes\" data-elementor-lightbox-slideshow=\"all-5090e3d\" data-elementor-lightbox-title=\"Proje 10 - T\u00fcrk Telekom Veri Merkezi (9)\" data-e-action-hash=\"#elementor-action%3Aaction%3Dlightbox%26settings%3DeyJpZCI6MjMzMywidXJsIjoiaHR0cHM6XC9cL3l5LXBtYy5jb21cL3dwLWNvbnRlbnRcL3VwbG9hZHNcL1Byb2plY3QtMTAtVHVyay1UZWxla29tLURhdGEtQmFzZS05LmpwZyIsInNsaWRlc2hvdyI6ImFsbC01MDkwZTNkIn0%3D\">\n\t\t\t\t\t<div class=\"e-gallery-image elementor-gallery-item__image\" data-thumbnail=\"https:\/\/yy-pmc.com\/wp-content\/uploads\/Project-10-Turk-Telekom-Data-Base-9-768x449.jpg\" data-width=\"768\" data-height=\"449\" alt=\"\" ><\/div>\n\t\t\t\t\t\t\t\t\t\t\t<div class=\"elementor-gallery-item__overlay\"><\/div>\n\t\t\t\t\t\t\t\t\t\t\t\t\t\t<\/a>\n\t\t\t\t\t\t\t<a class=\"e-gallery-item elementor-gallery-item elementor-animated-content\" href=\"https:\/\/yy-pmc.com\/wp-content\/uploads\/Project-10-Turk-Telekom-Data-Base-8.jpg\" data-elementor-open-lightbox=\"yes\" data-elementor-lightbox-slideshow=\"all-5090e3d\" data-elementor-lightbox-title=\"Project 10 - T\u00fcrk Telekom Data Base (8)\" data-e-action-hash=\"#elementor-action%3Aaction%3Dlightbox%26settings%3DeyJpZCI6MTE1MiwidXJsIjoiaHR0cHM6XC9cL3l5LXBtYy5jb21cL3dwLWNvbnRlbnRcL3VwbG9hZHNcL1Byb2plY3QtMTAtVHVyay1UZWxla29tLURhdGEtQmFzZS04LmpwZyIsInNsaWRlc2hvdyI6ImFsbC01MDkwZTNkIn0%3D\">\n\t\t\t\t\t<div class=\"e-gallery-image elementor-gallery-item__image\" data-thumbnail=\"https:\/\/yy-pmc.com\/wp-content\/uploads\/Project-10-Turk-Telekom-Data-Base-8-768x393.jpg\" data-width=\"768\" data-height=\"393\" alt=\"\" ><\/div>\n\t\t\t\t\t\t\t\t\t\t\t<div class=\"elementor-gallery-item__overlay\"><\/div>\n\t\t\t\t\t\t\t\t\t\t\t\t\t\t<\/a>\n\t\t\t\t\t\t\t<a class=\"e-gallery-item elementor-gallery-item elementor-animated-content\" href=\"https:\/\/yy-pmc.com\/wp-content\/uploads\/Project-10-Turk-Telekom-Data-Base-7.jpg\" data-elementor-open-lightbox=\"yes\" data-elementor-lightbox-slideshow=\"all-5090e3d\" data-elementor-lightbox-title=\"Project 10 - T\u00fcrk Telekom Data Base (7)\" data-e-action-hash=\"#elementor-action%3Aaction%3Dlightbox%26settings%3DeyJpZCI6MTE1MSwidXJsIjoiaHR0cHM6XC9cL3l5LXBtYy5jb21cL3dwLWNvbnRlbnRcL3VwbG9hZHNcL1Byb2plY3QtMTAtVHVyay1UZWxla29tLURhdGEtQmFzZS03LmpwZyIsInNsaWRlc2hvdyI6ImFsbC01MDkwZTNkIn0%3D\">\n\t\t\t\t\t<div class=\"e-gallery-image elementor-gallery-item__image\" data-thumbnail=\"https:\/\/yy-pmc.com\/wp-content\/uploads\/Project-10-Turk-Telekom-Data-Base-7-768x393.jpg\" data-width=\"768\" data-height=\"393\" alt=\"\" ><\/div>\n\t\t\t\t\t\t\t\t\t\t\t<div class=\"elementor-gallery-item__overlay\"><\/div>\n\t\t\t\t\t\t\t\t\t\t\t\t\t\t<\/a>\n\t\t\t\t\t\t\t<a class=\"e-gallery-item elementor-gallery-item elementor-animated-content\" href=\"https:\/\/yy-pmc.com\/wp-content\/uploads\/Project-10-Turk-Telekom-Data-Base-6.jpg\" data-elementor-open-lightbox=\"yes\" data-elementor-lightbox-slideshow=\"all-5090e3d\" data-elementor-lightbox-title=\"Project 10 - T\u00fcrk Telekom Data Base (6)\" data-e-action-hash=\"#elementor-action%3Aaction%3Dlightbox%26settings%3DeyJpZCI6MTE1MCwidXJsIjoiaHR0cHM6XC9cL3l5LXBtYy5jb21cL3dwLWNvbnRlbnRcL3VwbG9hZHNcL1Byb2plY3QtMTAtVHVyay1UZWxla29tLURhdGEtQmFzZS02LmpwZyIsInNsaWRlc2hvdyI6ImFsbC01MDkwZTNkIn0%3D\">\n\t\t\t\t\t<div class=\"e-gallery-image elementor-gallery-item__image\" data-thumbnail=\"https:\/\/yy-pmc.com\/wp-content\/uploads\/Project-10-Turk-Telekom-Data-Base-6.jpg\" data-width=\"600\" data-height=\"600\" alt=\"\" ><\/div>\n\t\t\t\t\t\t\t\t\t\t\t<div class=\"elementor-gallery-item__overlay\"><\/div>\n\t\t\t\t\t\t\t\t\t\t\t\t\t\t<\/a>\n\t\t\t\t\t\t\t<a class=\"e-gallery-item elementor-gallery-item elementor-animated-content\" href=\"https:\/\/yy-pmc.com\/wp-content\/uploads\/Project-10-Turk-Telekom-Data-Base-5.jpg\" data-elementor-open-lightbox=\"yes\" data-elementor-lightbox-slideshow=\"all-5090e3d\" data-elementor-lightbox-title=\"Project 10 - T\u00fcrk Telekom Data Base (5)\" data-e-action-hash=\"#elementor-action%3Aaction%3Dlightbox%26settings%3DeyJpZCI6MTE0OSwidXJsIjoiaHR0cHM6XC9cL3l5LXBtYy5jb21cL3dwLWNvbnRlbnRcL3VwbG9hZHNcL1Byb2plY3QtMTAtVHVyay1UZWxla29tLURhdGEtQmFzZS01LmpwZyIsInNsaWRlc2hvdyI6ImFsbC01MDkwZTNkIn0%3D\">\n\t\t\t\t\t<div class=\"e-gallery-image elementor-gallery-item__image\" data-thumbnail=\"https:\/\/yy-pmc.com\/wp-content\/uploads\/Project-10-Turk-Telekom-Data-Base-5-768x543.jpg\" data-width=\"768\" data-height=\"543\" alt=\"\" ><\/div>\n\t\t\t\t\t\t\t\t\t\t\t<div class=\"elementor-gallery-item__overlay\"><\/div>\n\t\t\t\t\t\t\t\t\t\t\t\t\t\t<\/a>\n\t\t\t\t\t\t\t<a class=\"e-gallery-item elementor-gallery-item elementor-animated-content\" href=\"https:\/\/yy-pmc.com\/wp-content\/uploads\/Project-10-Turk-Telekom-Data-Base-4.jpg\" data-elementor-open-lightbox=\"yes\" data-elementor-lightbox-slideshow=\"all-5090e3d\" data-elementor-lightbox-title=\"Project 10 - T\u00fcrk Telekom Data Base (4)\" data-e-action-hash=\"#elementor-action%3Aaction%3Dlightbox%26settings%3DeyJpZCI6MTE0OCwidXJsIjoiaHR0cHM6XC9cL3l5LXBtYy5jb21cL3dwLWNvbnRlbnRcL3VwbG9hZHNcL1Byb2plY3QtMTAtVHVyay1UZWxla29tLURhdGEtQmFzZS00LmpwZyIsInNsaWRlc2hvdyI6ImFsbC01MDkwZTNkIn0%3D\">\n\t\t\t\t\t<div class=\"e-gallery-image elementor-gallery-item__image\" data-thumbnail=\"https:\/\/yy-pmc.com\/wp-content\/uploads\/Project-10-Turk-Telekom-Data-Base-4-768x543.jpg\" data-width=\"768\" data-height=\"543\" alt=\"\" ><\/div>\n\t\t\t\t\t\t\t\t\t\t\t<div class=\"elementor-gallery-item__overlay\"><\/div>\n\t\t\t\t\t\t\t\t\t\t\t\t\t\t<\/a>\n\t\t\t\t\t\t\t<a class=\"e-gallery-item elementor-gallery-item elementor-animated-content\" href=\"https:\/\/yy-pmc.com\/wp-content\/uploads\/Project-10-Turk-Telekom-Data-Base-3.jpg\" data-elementor-open-lightbox=\"yes\" data-elementor-lightbox-slideshow=\"all-5090e3d\" data-elementor-lightbox-title=\"Project 10 - T\u00fcrk Telekom Data Base (3)\" data-e-action-hash=\"#elementor-action%3Aaction%3Dlightbox%26settings%3DeyJpZCI6MTE0NywidXJsIjoiaHR0cHM6XC9cL3l5LXBtYy5jb21cL3dwLWNvbnRlbnRcL3VwbG9hZHNcL1Byb2plY3QtMTAtVHVyay1UZWxla29tLURhdGEtQmFzZS0zLmpwZyIsInNsaWRlc2hvdyI6ImFsbC01MDkwZTNkIn0%3D\">\n\t\t\t\t\t<div class=\"e-gallery-image elementor-gallery-item__image\" data-thumbnail=\"https:\/\/yy-pmc.com\/wp-content\/uploads\/Project-10-Turk-Telekom-Data-Base-3-768x543.jpg\" data-width=\"768\" data-height=\"543\" alt=\"\" ><\/div>\n\t\t\t\t\t\t\t\t\t\t\t<div class=\"elementor-gallery-item__overlay\"><\/div>\n\t\t\t\t\t\t\t\t\t\t\t\t\t\t<\/a>\n\t\t\t\t\t\t\t<a class=\"e-gallery-item elementor-gallery-item elementor-animated-content\" href=\"https:\/\/yy-pmc.com\/wp-content\/uploads\/Project-10-Turk-Telekom-Data-Base-2.jpg\" data-elementor-open-lightbox=\"yes\" data-elementor-lightbox-slideshow=\"all-5090e3d\" data-elementor-lightbox-title=\"Project 10 - T\u00fcrk Telekom Data Base (2)\" data-e-action-hash=\"#elementor-action%3Aaction%3Dlightbox%26settings%3DeyJpZCI6MTE0NiwidXJsIjoiaHR0cHM6XC9cL3l5LXBtYy5jb21cL3dwLWNvbnRlbnRcL3VwbG9hZHNcL1Byb2plY3QtMTAtVHVyay1UZWxla29tLURhdGEtQmFzZS0yLmpwZyIsInNsaWRlc2hvdyI6ImFsbC01MDkwZTNkIn0%3D\">\n\t\t\t\t\t<div class=\"e-gallery-image elementor-gallery-item__image\" data-thumbnail=\"https:\/\/yy-pmc.com\/wp-content\/uploads\/Project-10-Turk-Telekom-Data-Base-2-768x543.jpg\" data-width=\"768\" data-height=\"543\" alt=\"\" ><\/div>\n\t\t\t\t\t\t\t\t\t\t\t<div class=\"elementor-gallery-item__overlay\"><\/div>\n\t\t\t\t\t\t\t\t\t\t\t\t\t\t<\/a>\n\t\t\t\t\t\t\t<a class=\"e-gallery-item elementor-gallery-item elementor-animated-content\" href=\"https:\/\/yy-pmc.com\/wp-content\/uploads\/Project-10-Turk-Telekom-Data-Base-1.jpg\" data-elementor-open-lightbox=\"yes\" data-elementor-lightbox-slideshow=\"all-5090e3d\" data-elementor-lightbox-title=\"Project 10 - T\u00fcrk Telekom Data Base (1)\" data-e-action-hash=\"#elementor-action%3Aaction%3Dlightbox%26settings%3DeyJpZCI6MTE0NSwidXJsIjoiaHR0cHM6XC9cL3l5LXBtYy5jb21cL3dwLWNvbnRlbnRcL3VwbG9hZHNcL1Byb2plY3QtMTAtVHVyay1UZWxla29tLURhdGEtQmFzZS0xLmpwZyIsInNsaWRlc2hvdyI6ImFsbC01MDkwZTNkIn0%3D\">\n\t\t\t\t\t<div class=\"e-gallery-image elementor-gallery-item__image\" data-thumbnail=\"https:\/\/yy-pmc.com\/wp-content\/uploads\/Project-10-Turk-Telekom-Data-Base-1-768x543.jpg\" data-width=\"768\" data-height=\"543\" alt=\"\" ><\/div>\n\t\t\t\t\t\t\t\t\t\t\t<div class=\"elementor-gallery-item__overlay\"><\/div>\n\t\t\t\t\t\t\t\t\t\t\t\t\t\t<\/a>\n\t\t\t\t\t<\/div>\n\t\t\t<\/div>\n\t\t\t\t<\/div>\n\t\t\t\t\t<\/div>\n\t\t<\/div>\n\t\t\t\t\t\t\t<\/div>\n\t\t<\/section>\n\t\t\t\t\t\t\t<\/div>\n\t\t","protected":false},"excerpt":{"rendered":"<p>T\u00fcrk Telekom Veri Merkezi Proje \u00d6zellikleri Proje: T\u00fcrk Telekom Veri Merkezi \u0130n\u015faat\u0131 (OSMM &#8211; \u00dcmitk\u00f6y Binas\u0131) \u0130\u015fveren: T\u00fcrk Telekom Yakla\u015f\u0131k Maliyet: 4 Milyon TL Toplam Kapal\u0131 Alan: 3 bin metrekare Sa\u011flanan Hizmet \u0130\u015fveren Temsilcili\u011fi \u0130hale Y\u00f6netimi Proje Y\u00f6netimi Kalite Y\u00f6netimi Maliyet Kontrol\u00fc Tasar\u0131m Y\u00f6netimi Planlama ve Takip \u0130lerleme \u00d6deme Onaylar\u0131 Talep Y\u00f6netimi. Her t\u00fcrl\u00fc resmi [&hellip;]<\/p>\n","protected":false},"author":1,"featured_media":0,"parent":0,"menu_order":0,"comment_status":"closed","ping_status":"closed","template":"","meta":{"footnotes":""},"yoast_head":"<!-- This site is optimized with the Yoast SEO plugin v21.0 - https:\/\/yoast.com\/wordpress\/plugins\/seo\/ -->\n<title>T\u00fcrk Telekom Veri Merkezi<\/title>\n<meta name=\"robots\" content=\"index, follow, max-snippet:-1, max-image-preview:large, max-video-preview:-1\" \/>\n<link rel=\"canonical\" href=\"https:\/\/yy-pmc.com\/tr\/turk-telekom-veri-merkezi\/\" \/>\n<meta property=\"og:locale\" content=\"tr_TR\" \/>\n<meta property=\"og:type\" content=\"article\" \/>\n<meta property=\"og:title\" content=\"T\u00fcrk Telekom Veri Merkezi\" \/>\n<meta property=\"og:description\" content=\"T\u00fcrk Telekom Veri Merkezi Proje \u00d6zellikleri Proje: T\u00fcrk Telekom Veri Merkezi \u0130n\u015faat\u0131 (OSMM &#8211; \u00dcmitk\u00f6y Binas\u0131) \u0130\u015fveren: T\u00fcrk Telekom Yakla\u015f\u0131k Maliyet: 4 Milyon TL Toplam Kapal\u0131 Alan: 3 bin metrekare Sa\u011flanan Hizmet \u0130\u015fveren Temsilcili\u011fi \u0130hale Y\u00f6netimi Proje Y\u00f6netimi Kalite Y\u00f6netimi Maliyet Kontrol\u00fc Tasar\u0131m Y\u00f6netimi Planlama ve Takip \u0130lerleme \u00d6deme Onaylar\u0131 Talep Y\u00f6netimi. Her t\u00fcrl\u00fc resmi [&hellip;]\" \/>\n<meta property=\"og:url\" content=\"https:\/\/yy-pmc.com\/tr\/turk-telekom-veri-merkezi\/\" \/>\n<meta property=\"og:site_name\" content=\"YY PMC\" \/>\n<meta property=\"article:modified_time\" content=\"2022-02-16T09:21:35+00:00\" \/>\n<meta property=\"og:image\" content=\"https:\/\/yy-pmc.com.tr\/wp-content\/uploads\/Project-10-Turk-Telekom-Data-Base-9.jpg\" \/>\n<meta name=\"twitter:card\" content=\"summary_large_image\" \/>\n<script type=\"application\/ld+json\" class=\"yoast-schema-graph\">{\"@context\":\"https:\/\/schema.org\",\"@graph\":[{\"@type\":\"WebPage\",\"@id\":\"https:\/\/yy-pmc.com\/tr\/turk-telekom-veri-merkezi\/\",\"url\":\"https:\/\/yy-pmc.com\/tr\/turk-telekom-veri-merkezi\/\",\"name\":\"T\u00fcrk Telekom Veri Merkezi\",\"isPartOf\":{\"@id\":\"https:\/\/yy-pmc.com\/#website\"},\"datePublished\":\"2022-02-16T09:21:31+00:00\",\"dateModified\":\"2022-02-16T09:21:35+00:00\",\"breadcrumb\":{\"@id\":\"https:\/\/yy-pmc.com\/tr\/turk-telekom-veri-merkezi\/#breadcrumb\"},\"inLanguage\":\"tr\",\"potentialAction\":[{\"@type\":\"ReadAction\",\"target\":[\"https:\/\/yy-pmc.com\/tr\/turk-telekom-veri-merkezi\/\"]}]},{\"@type\":\"BreadcrumbList\",\"@id\":\"https:\/\/yy-pmc.com\/tr\/turk-telekom-veri-merkezi\/#breadcrumb\",\"itemListElement\":[{\"@type\":\"ListItem\",\"position\":1,\"name\":\"Home\",\"item\":\"https:\/\/yy-pmc.com\/tr\/\"},{\"@type\":\"ListItem\",\"position\":2,\"name\":\"T\u00fcrk Telekom Veri Merkezi\"}]},{\"@type\":\"WebSite\",\"@id\":\"https:\/\/yy-pmc.com\/#website\",\"url\":\"https:\/\/yy-pmc.com\/\",\"name\":\"YY PMC\",\"description\":\"Dan\u0131\u015fmanl\u0131k\",\"publisher\":{\"@id\":\"https:\/\/yy-pmc.com\/#organization\"},\"potentialAction\":[{\"@type\":\"SearchAction\",\"target\":{\"@type\":\"EntryPoint\",\"urlTemplate\":\"https:\/\/yy-pmc.com\/?s={search_term_string}\"},\"query-input\":\"required name=search_term_string\"}],\"inLanguage\":\"tr\"},{\"@type\":\"Organization\",\"@id\":\"https:\/\/yy-pmc.com\/#organization\",\"name\":\"YY PMC\",\"url\":\"https:\/\/yy-pmc.com\/\",\"logo\":{\"@type\":\"ImageObject\",\"inLanguage\":\"tr\",\"@id\":\"https:\/\/yy-pmc.com\/#\/schema\/logo\/image\/\",\"url\":\"\",\"contentUrl\":\"\",\"caption\":\"YY PMC\"},\"image\":{\"@id\":\"https:\/\/yy-pmc.com\/#\/schema\/logo\/image\/\"}}]}<\/script>\n<!-- \/ Yoast SEO plugin. -->","yoast_head_json":{"title":"T\u00fcrk Telekom Veri Merkezi","robots":{"index":"index","follow":"follow","max-snippet":"max-snippet:-1","max-image-preview":"max-image-preview:large","max-video-preview":"max-video-preview:-1"},"canonical":"https:\/\/yy-pmc.com\/tr\/turk-telekom-veri-merkezi\/","og_locale":"tr_TR","og_type":"article","og_title":"T\u00fcrk Telekom Veri Merkezi","og_description":"T\u00fcrk Telekom Veri Merkezi Proje \u00d6zellikleri Proje: T\u00fcrk Telekom Veri Merkezi \u0130n\u015faat\u0131 (OSMM &#8211; \u00dcmitk\u00f6y Binas\u0131) \u0130\u015fveren: T\u00fcrk Telekom Yakla\u015f\u0131k Maliyet: 4 Milyon TL Toplam Kapal\u0131 Alan: 3 bin metrekare Sa\u011flanan Hizmet \u0130\u015fveren Temsilcili\u011fi \u0130hale Y\u00f6netimi Proje Y\u00f6netimi Kalite Y\u00f6netimi Maliyet Kontrol\u00fc Tasar\u0131m Y\u00f6netimi Planlama ve Takip \u0130lerleme \u00d6deme Onaylar\u0131 Talep Y\u00f6netimi. Her t\u00fcrl\u00fc resmi [&hellip;]","og_url":"https:\/\/yy-pmc.com\/tr\/turk-telekom-veri-merkezi\/","og_site_name":"YY PMC","article_modified_time":"2022-02-16T09:21:35+00:00","og_image":[{"url":"https:\/\/yy-pmc.com.tr\/wp-content\/uploads\/Project-10-Turk-Telekom-Data-Base-9.jpg"}],"twitter_card":"summary_large_image","schema":{"@context":"https:\/\/schema.org","@graph":[{"@type":"WebPage","@id":"https:\/\/yy-pmc.com\/tr\/turk-telekom-veri-merkezi\/","url":"https:\/\/yy-pmc.com\/tr\/turk-telekom-veri-merkezi\/","name":"T\u00fcrk Telekom Veri Merkezi","isPartOf":{"@id":"https:\/\/yy-pmc.com\/#website"},"datePublished":"2022-02-16T09:21:31+00:00","dateModified":"2022-02-16T09:21:35+00:00","breadcrumb":{"@id":"https:\/\/yy-pmc.com\/tr\/turk-telekom-veri-merkezi\/#breadcrumb"},"inLanguage":"tr","potentialAction":[{"@type":"ReadAction","target":["https:\/\/yy-pmc.com\/tr\/turk-telekom-veri-merkezi\/"]}]},{"@type":"BreadcrumbList","@id":"https:\/\/yy-pmc.com\/tr\/turk-telekom-veri-merkezi\/#breadcrumb","itemListElement":[{"@type":"ListItem","position":1,"name":"Home","item":"https:\/\/yy-pmc.com\/tr\/"},{"@type":"ListItem","position":2,"name":"T\u00fcrk Telekom Veri Merkezi"}]},{"@type":"WebSite","@id":"https:\/\/yy-pmc.com\/#website","url":"https:\/\/yy-pmc.com\/","name":"YY PMC","description":"Dan\u0131\u015fmanl\u0131k","publisher":{"@id":"https:\/\/yy-pmc.com\/#organization"},"potentialAction":[{"@type":"SearchAction","target":{"@type":"EntryPoint","urlTemplate":"https:\/\/yy-pmc.com\/?s={search_term_string}"},"query-input":"required name=search_term_string"}],"inLanguage":"tr"},{"@type":"Organization","@id":"https:\/\/yy-pmc.com\/#organization","name":"YY PMC","url":"https:\/\/yy-pmc.com\/","logo":{"@type":"ImageObject","inLanguage":"tr","@id":"https:\/\/yy-pmc.com\/#\/schema\/logo\/image\/","url":"","contentUrl":"","caption":"YY PMC"},"image":{"@id":"https:\/\/yy-pmc.com\/#\/schema\/logo\/image\/"}}]}},"_links":{"self":[{"href":"https:\/\/yy-pmc.com\/tr\/wp-json\/wp\/v2\/pages\/2332"}],"collection":[{"href":"https:\/\/yy-pmc.com\/tr\/wp-json\/wp\/v2\/pages"}],"about":[{"href":"https:\/\/yy-pmc.com\/tr\/wp-json\/wp\/v2\/types\/page"}],"author":[{"embeddable":true,"href":"https:\/\/yy-pmc.com\/tr\/wp-json\/wp\/v2\/users\/1"}],"replies":[{"embeddable":true,"href":"https:\/\/yy-pmc.com\/tr\/wp-json\/wp\/v2\/comments?post=2332"}],"version-history":[{"count":0,"href":"https:\/\/yy-pmc.com\/tr\/wp-json\/wp\/v2\/pages\/2332\/revisions"}],"wp:attachment":[{"href":"https:\/\/yy-pmc.com\/tr\/wp-json\/wp\/v2\/media?parent=2332"}],"curies":[{"name":"wp","href":"https:\/\/api.w.org\/{rel}","templated":true}]}}