{"id":2342,"date":"2022-02-16T12:31:49","date_gmt":"2022-02-16T09:31:49","guid":{"rendered":"https:\/\/yy-pmc.com.tr\/turk-telekom-odtu-teknokent\/"},"modified":"2022-02-16T12:31:49","modified_gmt":"2022-02-16T09:31:49","slug":"turk-telekom-odtu-teknokent","status":"publish","type":"page","link":"https:\/\/yy-pmc.com\/tr\/turk-telekom-odtu-teknokent\/","title":{"rendered":"T\u00fcrk Telekom ODT\u00dc Teknokent"},"content":{"rendered":"\t\t<div data-elementor-type=\"wp-page\" data-elementor-id=\"2342\" class=\"elementor elementor-2342 elementor-1212\">\n\t\t\t\t\t\t\t\t\t<section class=\"elementor-section elementor-top-section elementor-element elementor-element-0055c57 elementor-section-boxed elementor-section-height-default elementor-section-height-default\" data-id=\"0055c57\" data-element_type=\"section\" data-settings=\"{&quot;jet_parallax_layout_list&quot;:[{&quot;jet_parallax_layout_image&quot;:{&quot;url&quot;:&quot;&quot;,&quot;id&quot;:&quot;&quot;,&quot;size&quot;:&quot;&quot;},&quot;_id&quot;:&quot;77181ff&quot;,&quot;jet_parallax_layout_image_tablet&quot;:{&quot;url&quot;:&quot;&quot;,&quot;id&quot;:&quot;&quot;,&quot;size&quot;:&quot;&quot;},&quot;jet_parallax_layout_image_mobile&quot;:{&quot;url&quot;:&quot;&quot;,&quot;id&quot;:&quot;&quot;,&quot;size&quot;:&quot;&quot;},&quot;jet_parallax_layout_speed&quot;:{&quot;unit&quot;:&quot;%&quot;,&quot;size&quot;:50,&quot;sizes&quot;:[]},&quot;jet_parallax_layout_type&quot;:&quot;scroll&quot;,&quot;jet_parallax_layout_direction&quot;:null,&quot;jet_parallax_layout_fx_direction&quot;:null,&quot;jet_parallax_layout_z_index&quot;:&quot;&quot;,&quot;jet_parallax_layout_bg_x&quot;:50,&quot;jet_parallax_layout_bg_x_tablet&quot;:&quot;&quot;,&quot;jet_parallax_layout_bg_x_mobile&quot;:&quot;&quot;,&quot;jet_parallax_layout_bg_y&quot;:50,&quot;jet_parallax_layout_bg_y_tablet&quot;:&quot;&quot;,&quot;jet_parallax_layout_bg_y_mobile&quot;:&quot;&quot;,&quot;jet_parallax_layout_bg_size&quot;:&quot;auto&quot;,&quot;jet_parallax_layout_bg_size_tablet&quot;:&quot;&quot;,&quot;jet_parallax_layout_bg_size_mobile&quot;:&quot;&quot;,&quot;jet_parallax_layout_animation_prop&quot;:&quot;transform&quot;,&quot;jet_parallax_layout_on&quot;:[&quot;desktop&quot;,&quot;tablet&quot;]}]}\">\n\t\t\t\t\t\t<div class=\"elementor-container elementor-column-gap-default\">\n\t\t\t\t\t<div class=\"elementor-column elementor-col-100 elementor-top-column elementor-element elementor-element-65e9307\" data-id=\"65e9307\" data-element_type=\"column\">\n\t\t\t<div class=\"elementor-widget-wrap elementor-element-populated\">\n\t\t\t\t\t\t\t\t<div class=\"elementor-element elementor-element-b60d538 elementor-widget elementor-widget-jet-banner\" data-id=\"b60d538\" data-element_type=\"widget\" data-widget_type=\"jet-banner.default\">\n\t\t\t\t<div class=\"elementor-widget-container\">\n\t\t\t<div class=\"elementor-jet-banner jet-elements\"><figure class=\"jet-banner jet-effect-oscar\"><div class=\"jet-banner__overlay\"><\/div><img decoding=\"async\" src=\"https:\/\/yy-pmc.com\/wp-content\/uploads\/Project-8-Turk-Telekom-ODTU-Teknokent-6.jpg\" alt=\"Project 8 - T\u00fcrk Telekom ODT\u00dc Teknokent (6)\" class=\"jet-banner__img\"><figcaption class=\"jet-banner__content\"><div class=\"jet-banner__content-wrap\"><h5 class=\"jet-banner__title\">T\u00fcrk Telekom ODT\u00dc Teknokent<\/h5><\/div><\/figcaption><\/figure>\n<\/div>\t\t<\/div>\n\t\t\t\t<\/div>\n\t\t\t\t\t<\/div>\n\t\t<\/div>\n\t\t\t\t\t\t\t<\/div>\n\t\t<\/section>\n\t\t\t\t<section class=\"elementor-section elementor-top-section elementor-element elementor-element-2925c53 elementor-section-boxed elementor-section-height-default elementor-section-height-default\" data-id=\"2925c53\" data-element_type=\"section\" data-settings=\"{&quot;jet_parallax_layout_list&quot;:[{&quot;jet_parallax_layout_image&quot;:{&quot;url&quot;:&quot;&quot;,&quot;id&quot;:&quot;&quot;,&quot;size&quot;:&quot;&quot;},&quot;_id&quot;:&quot;77181ff&quot;,&quot;jet_parallax_layout_image_tablet&quot;:{&quot;url&quot;:&quot;&quot;,&quot;id&quot;:&quot;&quot;,&quot;size&quot;:&quot;&quot;},&quot;jet_parallax_layout_image_mobile&quot;:{&quot;url&quot;:&quot;&quot;,&quot;id&quot;:&quot;&quot;,&quot;size&quot;:&quot;&quot;},&quot;jet_parallax_layout_speed&quot;:{&quot;unit&quot;:&quot;%&quot;,&quot;size&quot;:50,&quot;sizes&quot;:[]},&quot;jet_parallax_layout_type&quot;:&quot;scroll&quot;,&quot;jet_parallax_layout_direction&quot;:null,&quot;jet_parallax_layout_fx_direction&quot;:null,&quot;jet_parallax_layout_z_index&quot;:&quot;&quot;,&quot;jet_parallax_layout_bg_x&quot;:50,&quot;jet_parallax_layout_bg_x_tablet&quot;:&quot;&quot;,&quot;jet_parallax_layout_bg_x_mobile&quot;:&quot;&quot;,&quot;jet_parallax_layout_bg_y&quot;:50,&quot;jet_parallax_layout_bg_y_tablet&quot;:&quot;&quot;,&quot;jet_parallax_layout_bg_y_mobile&quot;:&quot;&quot;,&quot;jet_parallax_layout_bg_size&quot;:&quot;auto&quot;,&quot;jet_parallax_layout_bg_size_tablet&quot;:&quot;&quot;,&quot;jet_parallax_layout_bg_size_mobile&quot;:&quot;&quot;,&quot;jet_parallax_layout_animation_prop&quot;:&quot;transform&quot;,&quot;jet_parallax_layout_on&quot;:[&quot;desktop&quot;,&quot;tablet&quot;]}]}\">\n\t\t\t\t\t\t<div class=\"elementor-container elementor-column-gap-default\">\n\t\t\t\t\t<div class=\"elementor-column elementor-col-33 elementor-top-column elementor-element elementor-element-c9d19c0\" data-id=\"c9d19c0\" data-element_type=\"column\">\n\t\t\t<div class=\"elementor-widget-wrap elementor-element-populated\">\n\t\t\t\t\t\t\t\t<div class=\"elementor-element elementor-element-0288aa0 elementor-widget elementor-widget-heading\" data-id=\"0288aa0\" data-element_type=\"widget\" data-widget_type=\"heading.default\">\n\t\t\t\t<div class=\"elementor-widget-container\">\n\t\t\t<h2 class=\"elementor-heading-title elementor-size-default\">Proje \u00d6zellikleri\n<\/h2>\t\t<\/div>\n\t\t\t\t<\/div>\n\t\t\t\t<div class=\"elementor-element elementor-element-3af278e elementor-widget elementor-widget-text-editor\" data-id=\"3af278e\" data-element_type=\"widget\" data-widget_type=\"text-editor.default\">\n\t\t\t\t<div class=\"elementor-widget-container\">\n\t\t\t\t\t\t\t<p>Proje: T\u00fcrk Telekom ODT\u00dc Technopolis Ar-Ge Bina in\u015faat\u0131<\/p><p>\u0130\u015fveren: T\u00fcrk Telekom<\/p><p>Yakla\u015f\u0131k Maliyet: 20 Milyon TL<\/p><p>Toplam Kapal\u0131 Alan: 3 bloktan olu\u015fur ve yakla\u015f\u0131k 16500 m2&#8217;lik bir in\u015faat alan\u0131<\/p><p>Y\u00fcklenici: \u0130HK \u0130n\u015faat\u0131<\/p>\t\t\t\t\t\t<\/div>\n\t\t\t\t<\/div>\n\t\t\t\t\t<\/div>\n\t\t<\/div>\n\t\t\t\t<div class=\"elementor-column elementor-col-33 elementor-top-column elementor-element elementor-element-ad4c5ae\" data-id=\"ad4c5ae\" data-element_type=\"column\">\n\t\t\t<div class=\"elementor-widget-wrap\">\n\t\t\t\t\t\t\t\t\t<\/div>\n\t\t<\/div>\n\t\t\t\t<div class=\"elementor-column elementor-col-33 elementor-top-column elementor-element elementor-element-fad5226\" data-id=\"fad5226\" data-element_type=\"column\">\n\t\t\t<div class=\"elementor-widget-wrap elementor-element-populated\">\n\t\t\t\t\t\t\t\t<div class=\"elementor-element elementor-element-b17cf70 elementor-widget elementor-widget-heading\" data-id=\"b17cf70\" data-element_type=\"widget\" data-widget_type=\"heading.default\">\n\t\t\t\t<div class=\"elementor-widget-container\">\n\t\t\t<h2 class=\"elementor-heading-title elementor-size-default\">Sa\u011flanan Hizmet<\/h2>\t\t<\/div>\n\t\t\t\t<\/div>\n\t\t\t\t<div class=\"elementor-element elementor-element-e1da1c2 elementor-widget elementor-widget-text-editor\" data-id=\"e1da1c2\" data-element_type=\"widget\" data-widget_type=\"text-editor.default\">\n\t\t\t\t<div class=\"elementor-widget-container\">\n\t\t\t\t\t\t\t<ul><li><p>\u0130\u015fveren Temsilcili\u011fi<\/p><\/li><li><p>\u0130hale Y\u00f6netimi<\/p><\/li><li><p>Proje Y\u00f6netimi<\/p><\/li><li><p>Kalite Y\u00f6netimi<\/p><\/li><li><p>Maliyet Kontrol\u00fc<\/p><\/li><li><p>Planlama ve Takip<\/p><\/li><li><p>\u0130ddialar i\u00e7in altyap\u0131 haz\u0131rlama<\/p><\/li><li><p>Talep Y\u00f6netimi. \u0130lgili \u00e7al\u0131\u015fmalar\u0131n koordinasyonu ve y\u00f6netimi<\/p><\/li><li>U\u00c7K (\u00c7at\u0131\u015fma \u00c7\u00f6z\u00fcm Kurulu) s\u00fcre\u00e7lerini y\u00f6netme.<\/li><li><p>\u0130lgili \u00e7al\u0131\u015fmalar\u0131n koordinasyonu ve haz\u0131rlanmas\u0131<\/p><\/li><li><p>Her t\u00fcrl\u00fc resmi yaz\u0131\u015fma, takip, da\u011f\u0131t\u0131m ve ar\u015fivleme y\u00f6netimi.<\/p><p>Bir i\u015fveren olarak b\u00fct\u00e7eleme ve maliyet kontrol\u00fc, \u00e7al\u0131\u015fma program\u0131n\u0131n haz\u0131rlanmas\u0131, proje kay\u0131tlar\u0131, tasar\u0131m koordinasyonu, ayl\u0131k idari ilerleme \u00f6demelerinin d\u00fczenlenmesinin koordinasyonu<\/p><\/li><\/ul>\t\t\t\t\t\t<\/div>\n\t\t\t\t<\/div>\n\t\t\t\t\t<\/div>\n\t\t<\/div>\n\t\t\t\t\t\t\t<\/div>\n\t\t<\/section>\n\t\t\t\t<section class=\"elementor-section elementor-top-section elementor-element elementor-element-3b5baaa elementor-section-boxed elementor-section-height-default elementor-section-height-default\" data-id=\"3b5baaa\" data-element_type=\"section\" data-settings=\"{&quot;jet_parallax_layout_list&quot;:[{&quot;jet_parallax_layout_image&quot;:{&quot;url&quot;:&quot;&quot;,&quot;id&quot;:&quot;&quot;,&quot;size&quot;:&quot;&quot;},&quot;_id&quot;:&quot;a505fad&quot;,&quot;jet_parallax_layout_image_tablet&quot;:{&quot;url&quot;:&quot;&quot;,&quot;id&quot;:&quot;&quot;,&quot;size&quot;:&quot;&quot;},&quot;jet_parallax_layout_image_mobile&quot;:{&quot;url&quot;:&quot;&quot;,&quot;id&quot;:&quot;&quot;,&quot;size&quot;:&quot;&quot;},&quot;jet_parallax_layout_speed&quot;:{&quot;unit&quot;:&quot;%&quot;,&quot;size&quot;:50,&quot;sizes&quot;:[]},&quot;jet_parallax_layout_type&quot;:&quot;scroll&quot;,&quot;jet_parallax_layout_direction&quot;:null,&quot;jet_parallax_layout_fx_direction&quot;:null,&quot;jet_parallax_layout_z_index&quot;:&quot;&quot;,&quot;jet_parallax_layout_bg_x&quot;:50,&quot;jet_parallax_layout_bg_x_tablet&quot;:&quot;&quot;,&quot;jet_parallax_layout_bg_x_mobile&quot;:&quot;&quot;,&quot;jet_parallax_layout_bg_y&quot;:50,&quot;jet_parallax_layout_bg_y_tablet&quot;:&quot;&quot;,&quot;jet_parallax_layout_bg_y_mobile&quot;:&quot;&quot;,&quot;jet_parallax_layout_bg_size&quot;:&quot;auto&quot;,&quot;jet_parallax_layout_bg_size_tablet&quot;:&quot;&quot;,&quot;jet_parallax_layout_bg_size_mobile&quot;:&quot;&quot;,&quot;jet_parallax_layout_animation_prop&quot;:&quot;transform&quot;,&quot;jet_parallax_layout_on&quot;:[&quot;desktop&quot;,&quot;tablet&quot;]}]}\">\n\t\t\t\t\t\t<div class=\"elementor-container elementor-column-gap-default\">\n\t\t\t\t\t<div class=\"elementor-column elementor-col-100 elementor-top-column elementor-element elementor-element-d102725\" data-id=\"d102725\" data-element_type=\"column\">\n\t\t\t<div class=\"elementor-widget-wrap elementor-element-populated\">\n\t\t\t\t\t\t\t\t<div class=\"elementor-element elementor-element-5090e3d elementor-widget elementor-widget-gallery\" data-id=\"5090e3d\" data-element_type=\"widget\" data-settings=\"{&quot;columns&quot;:3,&quot;lazyload&quot;:&quot;yes&quot;,&quot;gallery_layout&quot;:&quot;grid&quot;,&quot;columns_tablet&quot;:2,&quot;columns_mobile&quot;:1,&quot;gap&quot;:{&quot;unit&quot;:&quot;px&quot;,&quot;size&quot;:10,&quot;sizes&quot;:[]},&quot;gap_tablet&quot;:{&quot;unit&quot;:&quot;px&quot;,&quot;size&quot;:10,&quot;sizes&quot;:[]},&quot;gap_mobile&quot;:{&quot;unit&quot;:&quot;px&quot;,&quot;size&quot;:10,&quot;sizes&quot;:[]},&quot;link_to&quot;:&quot;file&quot;,&quot;aspect_ratio&quot;:&quot;3:2&quot;,&quot;overlay_background&quot;:&quot;yes&quot;,&quot;content_hover_animation&quot;:&quot;fade-in&quot;}\" data-widget_type=\"gallery.default\">\n\t\t\t\t<div class=\"elementor-widget-container\">\n\t\t\t\t\t<div class=\"elementor-gallery__container\">\n\t\t\t\t\t\t\t<a class=\"e-gallery-item elementor-gallery-item elementor-animated-content\" href=\"https:\/\/yy-pmc.com\/wp-content\/uploads\/Project-8-Turk-Telekom-ODTU-Teknokent-5.jpg\" data-elementor-open-lightbox=\"yes\" data-elementor-lightbox-slideshow=\"all-5090e3d\" data-elementor-lightbox-title=\"Project 8 - T\u00fcrk Telekom ODT\u00dc Teknokent (5)\" data-e-action-hash=\"#elementor-action%3Aaction%3Dlightbox%26settings%3DeyJpZCI6MTEzNSwidXJsIjoiaHR0cHM6XC9cL3l5LXBtYy5jb21cL3dwLWNvbnRlbnRcL3VwbG9hZHNcL1Byb2plY3QtOC1UdXJrLVRlbGVrb20tT0RUVS1UZWtub2tlbnQtNS5qcGciLCJzbGlkZXNob3ciOiJhbGwtNTA5MGUzZCJ9\">\n\t\t\t\t\t<div class=\"e-gallery-image elementor-gallery-item__image\" data-thumbnail=\"https:\/\/yy-pmc.com\/wp-content\/uploads\/Project-8-Turk-Telekom-ODTU-Teknokent-5-768x569.jpg\" data-width=\"768\" data-height=\"569\" alt=\"\" ><\/div>\n\t\t\t\t\t\t\t\t\t\t\t<div class=\"elementor-gallery-item__overlay\"><\/div>\n\t\t\t\t\t\t\t\t\t\t\t\t\t\t<\/a>\n\t\t\t\t\t\t\t<a class=\"e-gallery-item elementor-gallery-item elementor-animated-content\" href=\"https:\/\/yy-pmc.com\/wp-content\/uploads\/Project-8-Turk-Telekom-ODTU-Teknokent-4.jpg\" data-elementor-open-lightbox=\"yes\" data-elementor-lightbox-slideshow=\"all-5090e3d\" data-elementor-lightbox-title=\"Project 8 - T\u00fcrk Telekom ODT\u00dc Teknokent (4)\" data-e-action-hash=\"#elementor-action%3Aaction%3Dlightbox%26settings%3DeyJpZCI6MTEzNCwidXJsIjoiaHR0cHM6XC9cL3l5LXBtYy5jb21cL3dwLWNvbnRlbnRcL3VwbG9hZHNcL1Byb2plY3QtOC1UdXJrLVRlbGVrb20tT0RUVS1UZWtub2tlbnQtNC5qcGciLCJzbGlkZXNob3ciOiJhbGwtNTA5MGUzZCJ9\">\n\t\t\t\t\t<div class=\"e-gallery-image elementor-gallery-item__image\" data-thumbnail=\"https:\/\/yy-pmc.com\/wp-content\/uploads\/Project-8-Turk-Telekom-ODTU-Teknokent-4-768x560.jpg\" data-width=\"768\" data-height=\"560\" alt=\"\" ><\/div>\n\t\t\t\t\t\t\t\t\t\t\t<div class=\"elementor-gallery-item__overlay\"><\/div>\n\t\t\t\t\t\t\t\t\t\t\t\t\t\t<\/a>\n\t\t\t\t\t\t\t<a class=\"e-gallery-item elementor-gallery-item elementor-animated-content\" href=\"https:\/\/yy-pmc.com\/wp-content\/uploads\/Project-8-Turk-Telekom-ODTU-Teknokent-3.jpg\" data-elementor-open-lightbox=\"yes\" data-elementor-lightbox-slideshow=\"all-5090e3d\" data-elementor-lightbox-title=\"Project 8 - T\u00fcrk Telekom ODT\u00dc Teknokent (3)\" data-e-action-hash=\"#elementor-action%3Aaction%3Dlightbox%26settings%3DeyJpZCI6MTEzMywidXJsIjoiaHR0cHM6XC9cL3l5LXBtYy5jb21cL3dwLWNvbnRlbnRcL3VwbG9hZHNcL1Byb2plY3QtOC1UdXJrLVRlbGVrb20tT0RUVS1UZWtub2tlbnQtMy5qcGciLCJzbGlkZXNob3ciOiJhbGwtNTA5MGUzZCJ9\">\n\t\t\t\t\t<div class=\"e-gallery-image elementor-gallery-item__image\" data-thumbnail=\"https:\/\/yy-pmc.com\/wp-content\/uploads\/Project-8-Turk-Telekom-ODTU-Teknokent-3-768x449.jpg\" data-width=\"768\" data-height=\"449\" alt=\"\" ><\/div>\n\t\t\t\t\t\t\t\t\t\t\t<div class=\"elementor-gallery-item__overlay\"><\/div>\n\t\t\t\t\t\t\t\t\t\t\t\t\t\t<\/a>\n\t\t\t\t\t\t\t<a class=\"e-gallery-item elementor-gallery-item elementor-animated-content\" href=\"https:\/\/yy-pmc.com\/wp-content\/uploads\/Project-8-Turk-Telekom-ODTU-Teknokent-2.jpg\" data-elementor-open-lightbox=\"yes\" data-elementor-lightbox-slideshow=\"all-5090e3d\" data-elementor-lightbox-title=\"Project 8 - T\u00fcrk Telekom ODT\u00dc Teknokent (2)\" data-e-action-hash=\"#elementor-action%3Aaction%3Dlightbox%26settings%3DeyJpZCI6MTEzMiwidXJsIjoiaHR0cHM6XC9cL3l5LXBtYy5jb21cL3dwLWNvbnRlbnRcL3VwbG9hZHNcL1Byb2plY3QtOC1UdXJrLVRlbGVrb20tT0RUVS1UZWtub2tlbnQtMi5qcGciLCJzbGlkZXNob3ciOiJhbGwtNTA5MGUzZCJ9\">\n\t\t\t\t\t<div class=\"e-gallery-image elementor-gallery-item__image\" data-thumbnail=\"https:\/\/yy-pmc.com\/wp-content\/uploads\/Project-8-Turk-Telekom-ODTU-Teknokent-2-768x477.jpg\" data-width=\"768\" data-height=\"477\" alt=\"\" ><\/div>\n\t\t\t\t\t\t\t\t\t\t\t<div class=\"elementor-gallery-item__overlay\"><\/div>\n\t\t\t\t\t\t\t\t\t\t\t\t\t\t<\/a>\n\t\t\t\t\t\t\t<a class=\"e-gallery-item elementor-gallery-item elementor-animated-content\" href=\"https:\/\/yy-pmc.com\/wp-content\/uploads\/Project-8-Turk-Telekom-ODTU-Teknokent-2.jpeg\" data-elementor-open-lightbox=\"yes\" data-elementor-lightbox-slideshow=\"all-5090e3d\" data-elementor-lightbox-title=\"Project 8 - T\u00fcrk Telekom ODT\u00dc Teknokent (2)\" data-e-action-hash=\"#elementor-action%3Aaction%3Dlightbox%26settings%3DeyJpZCI6MTEzMSwidXJsIjoiaHR0cHM6XC9cL3l5LXBtYy5jb21cL3dwLWNvbnRlbnRcL3VwbG9hZHNcL1Byb2plY3QtOC1UdXJrLVRlbGVrb20tT0RUVS1UZWtub2tlbnQtMi5qcGVnIiwic2xpZGVzaG93IjoiYWxsLTUwOTBlM2QifQ%3D%3D\">\n\t\t\t\t\t<div class=\"e-gallery-image elementor-gallery-item__image\" data-thumbnail=\"https:\/\/yy-pmc.com\/wp-content\/uploads\/Project-8-Turk-Telekom-ODTU-Teknokent-2-768x253.jpeg\" data-width=\"768\" data-height=\"253\" alt=\"\" ><\/div>\n\t\t\t\t\t\t\t\t\t\t\t<div class=\"elementor-gallery-item__overlay\"><\/div>\n\t\t\t\t\t\t\t\t\t\t\t\t\t\t<\/a>\n\t\t\t\t\t\t\t<a class=\"e-gallery-item elementor-gallery-item elementor-animated-content\" href=\"https:\/\/yy-pmc.com\/wp-content\/uploads\/Project-8-Turk-Telekom-ODTU-Teknokent-1.jpg\" data-elementor-open-lightbox=\"yes\" data-elementor-lightbox-slideshow=\"all-5090e3d\" data-elementor-lightbox-title=\"Project 8 - T\u00fcrk Telekom ODT\u00dc Teknokent (1)\" data-e-action-hash=\"#elementor-action%3Aaction%3Dlightbox%26settings%3DeyJpZCI6MTEzMCwidXJsIjoiaHR0cHM6XC9cL3l5LXBtYy5jb21cL3dwLWNvbnRlbnRcL3VwbG9hZHNcL1Byb2plY3QtOC1UdXJrLVRlbGVrb20tT0RUVS1UZWtub2tlbnQtMS5qcGciLCJzbGlkZXNob3ciOiJhbGwtNTA5MGUzZCJ9\">\n\t\t\t\t\t<div class=\"e-gallery-image elementor-gallery-item__image\" data-thumbnail=\"https:\/\/yy-pmc.com\/wp-content\/uploads\/Project-8-Turk-Telekom-ODTU-Teknokent-1-768x454.jpg\" data-width=\"768\" data-height=\"454\" alt=\"\" ><\/div>\n\t\t\t\t\t\t\t\t\t\t\t<div class=\"elementor-gallery-item__overlay\"><\/div>\n\t\t\t\t\t\t\t\t\t\t\t\t\t\t<\/a>\n\t\t\t\t\t\t\t<a class=\"e-gallery-item elementor-gallery-item elementor-animated-content\" href=\"https:\/\/yy-pmc.com\/wp-content\/uploads\/Project-8-Turk-Telekom-ODTU-Teknokent-1.jpeg\" data-elementor-open-lightbox=\"yes\" data-elementor-lightbox-slideshow=\"all-5090e3d\" data-elementor-lightbox-title=\"Project 8 - T\u00fcrk Telekom ODT\u00dc Teknokent (1)\" data-e-action-hash=\"#elementor-action%3Aaction%3Dlightbox%26settings%3DeyJpZCI6MTEyOSwidXJsIjoiaHR0cHM6XC9cL3l5LXBtYy5jb21cL3dwLWNvbnRlbnRcL3VwbG9hZHNcL1Byb2plY3QtOC1UdXJrLVRlbGVrb20tT0RUVS1UZWtub2tlbnQtMS5qcGVnIiwic2xpZGVzaG93IjoiYWxsLTUwOTBlM2QifQ%3D%3D\">\n\t\t\t\t\t<div class=\"e-gallery-image elementor-gallery-item__image\" data-thumbnail=\"https:\/\/yy-pmc.com\/wp-content\/uploads\/Project-8-Turk-Telekom-ODTU-Teknokent-1-768x481.jpeg\" data-width=\"768\" data-height=\"481\" alt=\"\" ><\/div>\n\t\t\t\t\t\t\t\t\t\t\t<div class=\"elementor-gallery-item__overlay\"><\/div>\n\t\t\t\t\t\t\t\t\t\t\t\t\t\t<\/a>\n\t\t\t\t\t\t\t<a class=\"e-gallery-item elementor-gallery-item elementor-animated-content\" href=\"https:\/\/yy-pmc.com\/wp-content\/uploads\/Project-8-Turk-Telekom-ODTU-Teknokent-6.jpg\" data-elementor-open-lightbox=\"yes\" data-elementor-lightbox-slideshow=\"all-5090e3d\" data-elementor-lightbox-title=\"Project 8 - T\u00fcrk Telekom ODT\u00dc Teknokent (6)\" data-e-action-hash=\"#elementor-action%3Aaction%3Dlightbox%26settings%3DeyJpZCI6MTEyOCwidXJsIjoiaHR0cHM6XC9cL3l5LXBtYy5jb21cL3dwLWNvbnRlbnRcL3VwbG9hZHNcL1Byb2plY3QtOC1UdXJrLVRlbGVrb20tT0RUVS1UZWtub2tlbnQtNi5qcGciLCJzbGlkZXNob3ciOiJhbGwtNTA5MGUzZCJ9\">\n\t\t\t\t\t<div class=\"e-gallery-image elementor-gallery-item__image\" data-thumbnail=\"https:\/\/yy-pmc.com\/wp-content\/uploads\/Project-8-Turk-Telekom-ODTU-Teknokent-6-768x512.jpg\" data-width=\"768\" data-height=\"512\" alt=\"\" ><\/div>\n\t\t\t\t\t\t\t\t\t\t\t<div class=\"elementor-gallery-item__overlay\"><\/div>\n\t\t\t\t\t\t\t\t\t\t\t\t\t\t<\/a>\n\t\t\t\t\t<\/div>\n\t\t\t<\/div>\n\t\t\t\t<\/div>\n\t\t\t\t\t<\/div>\n\t\t<\/div>\n\t\t\t\t\t\t\t<\/div>\n\t\t<\/section>\n\t\t\t\t\t\t\t<\/div>\n\t\t","protected":false},"excerpt":{"rendered":"<p>T\u00fcrk Telekom ODT\u00dc Teknokent Proje \u00d6zellikleri Proje: T\u00fcrk Telekom ODT\u00dc Technopolis Ar-Ge Bina in\u015faat\u0131 \u0130\u015fveren: T\u00fcrk Telekom Yakla\u015f\u0131k Maliyet: 20 Milyon TL Toplam Kapal\u0131 Alan: 3 bloktan olu\u015fur ve yakla\u015f\u0131k 16500 m2&#8217;lik bir in\u015faat alan\u0131 Y\u00fcklenici: \u0130HK \u0130n\u015faat\u0131 Sa\u011flanan Hizmet \u0130\u015fveren Temsilcili\u011fi \u0130hale Y\u00f6netimi Proje Y\u00f6netimi Kalite Y\u00f6netimi Maliyet Kontrol\u00fc Planlama ve Takip \u0130ddialar i\u00e7in [&hellip;]<\/p>\n","protected":false},"author":1,"featured_media":0,"parent":0,"menu_order":0,"comment_status":"closed","ping_status":"closed","template":"","meta":{"footnotes":""},"yoast_head":"<!-- This site is optimized with the Yoast SEO plugin v21.0 - https:\/\/yoast.com\/wordpress\/plugins\/seo\/ -->\n<title>T\u00fcrk Telekom ODT\u00dc Teknokent<\/title>\n<meta name=\"robots\" content=\"index, follow, max-snippet:-1, max-image-preview:large, max-video-preview:-1\" \/>\n<link rel=\"canonical\" href=\"https:\/\/yy-pmc.com\/tr\/turk-telekom-odtu-teknokent\/\" \/>\n<meta property=\"og:locale\" content=\"tr_TR\" \/>\n<meta property=\"og:type\" content=\"article\" \/>\n<meta property=\"og:title\" content=\"T\u00fcrk Telekom ODT\u00dc Teknokent\" \/>\n<meta property=\"og:description\" content=\"T\u00fcrk Telekom ODT\u00dc Teknokent Proje \u00d6zellikleri Proje: T\u00fcrk Telekom ODT\u00dc Technopolis Ar-Ge Bina in\u015faat\u0131 \u0130\u015fveren: T\u00fcrk Telekom Yakla\u015f\u0131k Maliyet: 20 Milyon TL Toplam Kapal\u0131 Alan: 3 bloktan olu\u015fur ve yakla\u015f\u0131k 16500 m2&#8217;lik bir in\u015faat alan\u0131 Y\u00fcklenici: \u0130HK \u0130n\u015faat\u0131 Sa\u011flanan Hizmet \u0130\u015fveren Temsilcili\u011fi \u0130hale Y\u00f6netimi Proje Y\u00f6netimi Kalite Y\u00f6netimi Maliyet Kontrol\u00fc Planlama ve Takip \u0130ddialar i\u00e7in [&hellip;]\" \/>\n<meta property=\"og:url\" content=\"https:\/\/yy-pmc.com\/tr\/turk-telekom-odtu-teknokent\/\" \/>\n<meta property=\"og:site_name\" content=\"YY PMC\" \/>\n<meta property=\"og:image\" content=\"https:\/\/yy-pmc.com.tr\/wp-content\/uploads\/Project-8-Turk-Telekom-ODTU-Teknokent-6.jpg\" \/>\n<meta name=\"twitter:card\" content=\"summary_large_image\" \/>\n<meta name=\"twitter:label1\" content=\"Tahmini okuma s\u00fcresi\" \/>\n\t<meta name=\"twitter:data1\" content=\"1 dakika\" \/>\n<script type=\"application\/ld+json\" class=\"yoast-schema-graph\">{\"@context\":\"https:\/\/schema.org\",\"@graph\":[{\"@type\":\"WebPage\",\"@id\":\"https:\/\/yy-pmc.com\/tr\/turk-telekom-odtu-teknokent\/\",\"url\":\"https:\/\/yy-pmc.com\/tr\/turk-telekom-odtu-teknokent\/\",\"name\":\"T\u00fcrk Telekom ODT\u00dc Teknokent\",\"isPartOf\":{\"@id\":\"https:\/\/yy-pmc.com\/#website\"},\"datePublished\":\"2022-02-16T09:31:49+00:00\",\"dateModified\":\"2022-02-16T09:31:49+00:00\",\"breadcrumb\":{\"@id\":\"https:\/\/yy-pmc.com\/tr\/turk-telekom-odtu-teknokent\/#breadcrumb\"},\"inLanguage\":\"tr\",\"potentialAction\":[{\"@type\":\"ReadAction\",\"target\":[\"https:\/\/yy-pmc.com\/tr\/turk-telekom-odtu-teknokent\/\"]}]},{\"@type\":\"BreadcrumbList\",\"@id\":\"https:\/\/yy-pmc.com\/tr\/turk-telekom-odtu-teknokent\/#breadcrumb\",\"itemListElement\":[{\"@type\":\"ListItem\",\"position\":1,\"name\":\"Home\",\"item\":\"https:\/\/yy-pmc.com\/tr\/\"},{\"@type\":\"ListItem\",\"position\":2,\"name\":\"T\u00fcrk Telekom ODT\u00dc Teknokent\"}]},{\"@type\":\"WebSite\",\"@id\":\"https:\/\/yy-pmc.com\/#website\",\"url\":\"https:\/\/yy-pmc.com\/\",\"name\":\"YY PMC\",\"description\":\"Dan\u0131\u015fmanl\u0131k\",\"publisher\":{\"@id\":\"https:\/\/yy-pmc.com\/#organization\"},\"potentialAction\":[{\"@type\":\"SearchAction\",\"target\":{\"@type\":\"EntryPoint\",\"urlTemplate\":\"https:\/\/yy-pmc.com\/?s={search_term_string}\"},\"query-input\":\"required name=search_term_string\"}],\"inLanguage\":\"tr\"},{\"@type\":\"Organization\",\"@id\":\"https:\/\/yy-pmc.com\/#organization\",\"name\":\"YY PMC\",\"url\":\"https:\/\/yy-pmc.com\/\",\"logo\":{\"@type\":\"ImageObject\",\"inLanguage\":\"tr\",\"@id\":\"https:\/\/yy-pmc.com\/#\/schema\/logo\/image\/\",\"url\":\"\",\"contentUrl\":\"\",\"caption\":\"YY PMC\"},\"image\":{\"@id\":\"https:\/\/yy-pmc.com\/#\/schema\/logo\/image\/\"}}]}<\/script>\n<!-- \/ Yoast SEO plugin. -->","yoast_head_json":{"title":"T\u00fcrk Telekom ODT\u00dc Teknokent","robots":{"index":"index","follow":"follow","max-snippet":"max-snippet:-1","max-image-preview":"max-image-preview:large","max-video-preview":"max-video-preview:-1"},"canonical":"https:\/\/yy-pmc.com\/tr\/turk-telekom-odtu-teknokent\/","og_locale":"tr_TR","og_type":"article","og_title":"T\u00fcrk Telekom ODT\u00dc Teknokent","og_description":"T\u00fcrk Telekom ODT\u00dc Teknokent Proje \u00d6zellikleri Proje: T\u00fcrk Telekom ODT\u00dc Technopolis Ar-Ge Bina in\u015faat\u0131 \u0130\u015fveren: T\u00fcrk Telekom Yakla\u015f\u0131k Maliyet: 20 Milyon TL Toplam Kapal\u0131 Alan: 3 bloktan olu\u015fur ve yakla\u015f\u0131k 16500 m2&#8217;lik bir in\u015faat alan\u0131 Y\u00fcklenici: \u0130HK \u0130n\u015faat\u0131 Sa\u011flanan Hizmet \u0130\u015fveren Temsilcili\u011fi \u0130hale Y\u00f6netimi Proje Y\u00f6netimi Kalite Y\u00f6netimi Maliyet Kontrol\u00fc Planlama ve Takip \u0130ddialar i\u00e7in [&hellip;]","og_url":"https:\/\/yy-pmc.com\/tr\/turk-telekom-odtu-teknokent\/","og_site_name":"YY PMC","og_image":[{"url":"https:\/\/yy-pmc.com.tr\/wp-content\/uploads\/Project-8-Turk-Telekom-ODTU-Teknokent-6.jpg"}],"twitter_card":"summary_large_image","twitter_misc":{"Tahmini okuma s\u00fcresi":"1 dakika"},"schema":{"@context":"https:\/\/schema.org","@graph":[{"@type":"WebPage","@id":"https:\/\/yy-pmc.com\/tr\/turk-telekom-odtu-teknokent\/","url":"https:\/\/yy-pmc.com\/tr\/turk-telekom-odtu-teknokent\/","name":"T\u00fcrk Telekom ODT\u00dc Teknokent","isPartOf":{"@id":"https:\/\/yy-pmc.com\/#website"},"datePublished":"2022-02-16T09:31:49+00:00","dateModified":"2022-02-16T09:31:49+00:00","breadcrumb":{"@id":"https:\/\/yy-pmc.com\/tr\/turk-telekom-odtu-teknokent\/#breadcrumb"},"inLanguage":"tr","potentialAction":[{"@type":"ReadAction","target":["https:\/\/yy-pmc.com\/tr\/turk-telekom-odtu-teknokent\/"]}]},{"@type":"BreadcrumbList","@id":"https:\/\/yy-pmc.com\/tr\/turk-telekom-odtu-teknokent\/#breadcrumb","itemListElement":[{"@type":"ListItem","position":1,"name":"Home","item":"https:\/\/yy-pmc.com\/tr\/"},{"@type":"ListItem","position":2,"name":"T\u00fcrk Telekom ODT\u00dc Teknokent"}]},{"@type":"WebSite","@id":"https:\/\/yy-pmc.com\/#website","url":"https:\/\/yy-pmc.com\/","name":"YY PMC","description":"Dan\u0131\u015fmanl\u0131k","publisher":{"@id":"https:\/\/yy-pmc.com\/#organization"},"potentialAction":[{"@type":"SearchAction","target":{"@type":"EntryPoint","urlTemplate":"https:\/\/yy-pmc.com\/?s={search_term_string}"},"query-input":"required name=search_term_string"}],"inLanguage":"tr"},{"@type":"Organization","@id":"https:\/\/yy-pmc.com\/#organization","name":"YY PMC","url":"https:\/\/yy-pmc.com\/","logo":{"@type":"ImageObject","inLanguage":"tr","@id":"https:\/\/yy-pmc.com\/#\/schema\/logo\/image\/","url":"","contentUrl":"","caption":"YY PMC"},"image":{"@id":"https:\/\/yy-pmc.com\/#\/schema\/logo\/image\/"}}]}},"_links":{"self":[{"href":"https:\/\/yy-pmc.com\/tr\/wp-json\/wp\/v2\/pages\/2342"}],"collection":[{"href":"https:\/\/yy-pmc.com\/tr\/wp-json\/wp\/v2\/pages"}],"about":[{"href":"https:\/\/yy-pmc.com\/tr\/wp-json\/wp\/v2\/types\/page"}],"author":[{"embeddable":true,"href":"https:\/\/yy-pmc.com\/tr\/wp-json\/wp\/v2\/users\/1"}],"replies":[{"embeddable":true,"href":"https:\/\/yy-pmc.com\/tr\/wp-json\/wp\/v2\/comments?post=2342"}],"version-history":[{"count":0,"href":"https:\/\/yy-pmc.com\/tr\/wp-json\/wp\/v2\/pages\/2342\/revisions"}],"wp:attachment":[{"href":"https:\/\/yy-pmc.com\/tr\/wp-json\/wp\/v2\/media?parent=2342"}],"curies":[{"name":"wp","href":"https:\/\/api.w.org\/{rel}","templated":true}]}}