{"id":2395,"date":"2022-02-16T13:05:32","date_gmt":"2022-02-16T10:05:32","guid":{"rendered":"https:\/\/yy-pmc.com.tr\/ercan-havalimani\/"},"modified":"2022-11-22T13:37:17","modified_gmt":"2022-11-22T10:37:17","slug":"ercan-havalimani","status":"publish","type":"page","link":"https:\/\/yy-pmc.com\/tr\/ercan-havalimani\/","title":{"rendered":"Ercan Havaliman\u0131"},"content":{"rendered":"\t\t<div data-elementor-type=\"wp-page\" data-elementor-id=\"2395\" class=\"elementor elementor-2395 elementor-1199\">\n\t\t\t\t\t\t\t\t\t<section class=\"elementor-section elementor-top-section elementor-element elementor-element-0055c57 elementor-section-boxed elementor-section-height-default elementor-section-height-default\" data-id=\"0055c57\" data-element_type=\"section\" data-settings=\"{&quot;jet_parallax_layout_list&quot;:[{&quot;jet_parallax_layout_image&quot;:{&quot;url&quot;:&quot;&quot;,&quot;id&quot;:&quot;&quot;,&quot;size&quot;:&quot;&quot;},&quot;_id&quot;:&quot;77181ff&quot;,&quot;jet_parallax_layout_image_tablet&quot;:{&quot;url&quot;:&quot;&quot;,&quot;id&quot;:&quot;&quot;,&quot;size&quot;:&quot;&quot;},&quot;jet_parallax_layout_image_mobile&quot;:{&quot;url&quot;:&quot;&quot;,&quot;id&quot;:&quot;&quot;,&quot;size&quot;:&quot;&quot;},&quot;jet_parallax_layout_speed&quot;:{&quot;unit&quot;:&quot;%&quot;,&quot;size&quot;:50,&quot;sizes&quot;:[]},&quot;jet_parallax_layout_type&quot;:&quot;scroll&quot;,&quot;jet_parallax_layout_direction&quot;:null,&quot;jet_parallax_layout_fx_direction&quot;:null,&quot;jet_parallax_layout_z_index&quot;:&quot;&quot;,&quot;jet_parallax_layout_bg_x&quot;:50,&quot;jet_parallax_layout_bg_x_tablet&quot;:&quot;&quot;,&quot;jet_parallax_layout_bg_x_mobile&quot;:&quot;&quot;,&quot;jet_parallax_layout_bg_y&quot;:50,&quot;jet_parallax_layout_bg_y_tablet&quot;:&quot;&quot;,&quot;jet_parallax_layout_bg_y_mobile&quot;:&quot;&quot;,&quot;jet_parallax_layout_bg_size&quot;:&quot;auto&quot;,&quot;jet_parallax_layout_bg_size_tablet&quot;:&quot;&quot;,&quot;jet_parallax_layout_bg_size_mobile&quot;:&quot;&quot;,&quot;jet_parallax_layout_animation_prop&quot;:&quot;transform&quot;,&quot;jet_parallax_layout_on&quot;:[&quot;desktop&quot;,&quot;tablet&quot;]}]}\">\n\t\t\t\t\t\t<div class=\"elementor-container elementor-column-gap-default\">\n\t\t\t\t\t<div class=\"elementor-column elementor-col-100 elementor-top-column elementor-element elementor-element-65e9307\" data-id=\"65e9307\" data-element_type=\"column\">\n\t\t\t<div class=\"elementor-widget-wrap elementor-element-populated\">\n\t\t\t\t\t\t\t\t<div class=\"elementor-element elementor-element-b60d538 elementor-widget elementor-widget-jet-banner\" data-id=\"b60d538\" data-element_type=\"widget\" data-widget_type=\"jet-banner.default\">\n\t\t\t\t<div class=\"elementor-widget-container\">\n\t\t\t<div class=\"elementor-jet-banner jet-elements\"><figure class=\"jet-banner jet-effect-oscar\"><div class=\"jet-banner__overlay\"><\/div><img decoding=\"async\" src=\"https:\/\/yy-pmc.com\/wp-content\/uploads\/Project-3-Ercan-Airport-3.jpg\" alt=\"Project 3 - Ercan Airport (3)\" class=\"jet-banner__img\"><figcaption class=\"jet-banner__content\"><div class=\"jet-banner__content-wrap\"><h5 class=\"jet-banner__title\">Ercan Havaliman\u0131<\/h5><\/div><\/figcaption><\/figure>\n<\/div>\t\t<\/div>\n\t\t\t\t<\/div>\n\t\t\t\t\t<\/div>\n\t\t<\/div>\n\t\t\t\t\t\t\t<\/div>\n\t\t<\/section>\n\t\t\t\t<section class=\"elementor-section elementor-top-section elementor-element elementor-element-2925c53 elementor-section-boxed elementor-section-height-default elementor-section-height-default\" data-id=\"2925c53\" data-element_type=\"section\" data-settings=\"{&quot;jet_parallax_layout_list&quot;:[{&quot;jet_parallax_layout_image&quot;:{&quot;url&quot;:&quot;&quot;,&quot;id&quot;:&quot;&quot;,&quot;size&quot;:&quot;&quot;},&quot;_id&quot;:&quot;77181ff&quot;,&quot;jet_parallax_layout_image_tablet&quot;:{&quot;url&quot;:&quot;&quot;,&quot;id&quot;:&quot;&quot;,&quot;size&quot;:&quot;&quot;},&quot;jet_parallax_layout_image_mobile&quot;:{&quot;url&quot;:&quot;&quot;,&quot;id&quot;:&quot;&quot;,&quot;size&quot;:&quot;&quot;},&quot;jet_parallax_layout_speed&quot;:{&quot;unit&quot;:&quot;%&quot;,&quot;size&quot;:50,&quot;sizes&quot;:[]},&quot;jet_parallax_layout_type&quot;:&quot;scroll&quot;,&quot;jet_parallax_layout_direction&quot;:null,&quot;jet_parallax_layout_fx_direction&quot;:null,&quot;jet_parallax_layout_z_index&quot;:&quot;&quot;,&quot;jet_parallax_layout_bg_x&quot;:50,&quot;jet_parallax_layout_bg_x_tablet&quot;:&quot;&quot;,&quot;jet_parallax_layout_bg_x_mobile&quot;:&quot;&quot;,&quot;jet_parallax_layout_bg_y&quot;:50,&quot;jet_parallax_layout_bg_y_tablet&quot;:&quot;&quot;,&quot;jet_parallax_layout_bg_y_mobile&quot;:&quot;&quot;,&quot;jet_parallax_layout_bg_size&quot;:&quot;auto&quot;,&quot;jet_parallax_layout_bg_size_tablet&quot;:&quot;&quot;,&quot;jet_parallax_layout_bg_size_mobile&quot;:&quot;&quot;,&quot;jet_parallax_layout_animation_prop&quot;:&quot;transform&quot;,&quot;jet_parallax_layout_on&quot;:[&quot;desktop&quot;,&quot;tablet&quot;]}]}\">\n\t\t\t\t\t\t<div class=\"elementor-container elementor-column-gap-default\">\n\t\t\t\t\t<div class=\"elementor-column elementor-col-33 elementor-top-column elementor-element elementor-element-c9d19c0\" data-id=\"c9d19c0\" data-element_type=\"column\">\n\t\t\t<div class=\"elementor-widget-wrap elementor-element-populated\">\n\t\t\t\t\t\t\t\t<div class=\"elementor-element elementor-element-0288aa0 elementor-widget elementor-widget-heading\" data-id=\"0288aa0\" data-element_type=\"widget\" data-widget_type=\"heading.default\">\n\t\t\t\t<div class=\"elementor-widget-container\">\n\t\t\t<h2 class=\"elementor-heading-title elementor-size-default\">Proje \u00d6zellikleri\n<\/h2>\t\t<\/div>\n\t\t\t\t<\/div>\n\t\t\t\t<div class=\"elementor-element elementor-element-3af278e elementor-widget elementor-widget-text-editor\" data-id=\"3af278e\" data-element_type=\"widget\" data-widget_type=\"text-editor.default\">\n\t\t\t\t<div class=\"elementor-widget-container\">\n\t\t\t\t\t\t\t<p dir=\"ltr\">Proje : ERCAN HAVAL\u0130MANI<\/p><p dir=\"ltr\">\u0130\u015fveren : KKTC Devleti<\/p><p dir=\"ltr\">Toplam kapasite: 5.000.000 yolcuya hizmet verecek 530 metre uzunlu\u011funda t\u00fcnel, 8 adet k\u00f6r\u00fck, 18 adet u\u00e7ak park alan\u0131, 60 adet check-in kontuar\u0131, saatte 5.000 bagaj kapasitesi<\/p><p dir=\"ltr\">Y\u00fcklenici : Ta\u015fyap\u0131 \u0130n\u015faat<\/p><p dir=\"ltr\">\u00d6nemli Konular : FIDIC\u00a0<\/p>\t\t\t\t\t\t<\/div>\n\t\t\t\t<\/div>\n\t\t\t\t\t<\/div>\n\t\t<\/div>\n\t\t\t\t<div class=\"elementor-column elementor-col-33 elementor-top-column elementor-element elementor-element-ad4c5ae\" data-id=\"ad4c5ae\" data-element_type=\"column\">\n\t\t\t<div class=\"elementor-widget-wrap\">\n\t\t\t\t\t\t\t\t\t<\/div>\n\t\t<\/div>\n\t\t\t\t<div class=\"elementor-column elementor-col-33 elementor-top-column elementor-element elementor-element-fad5226\" data-id=\"fad5226\" data-element_type=\"column\">\n\t\t\t<div class=\"elementor-widget-wrap elementor-element-populated\">\n\t\t\t\t\t\t\t\t<div class=\"elementor-element elementor-element-b17cf70 elementor-widget elementor-widget-heading\" data-id=\"b17cf70\" data-element_type=\"widget\" data-widget_type=\"heading.default\">\n\t\t\t\t<div class=\"elementor-widget-container\">\n\t\t\t<h2 class=\"elementor-heading-title elementor-size-default\">Sa\u011flanan Hizmetler<\/h2>\t\t<\/div>\n\t\t\t\t<\/div>\n\t\t\t\t<div class=\"elementor-element elementor-element-e1da1c2 elementor-widget elementor-widget-text-editor\" data-id=\"e1da1c2\" data-element_type=\"widget\" data-widget_type=\"text-editor.default\">\n\t\t\t\t<div class=\"elementor-widget-container\">\n\t\t\t\t\t\t\t<ul><li>S\u00f6zle\u015fme Y\u00f6netimi<\/li><li>Talep Y\u00f6netimi<\/li><li>Uyu\u015fmazl\u0131k Y\u00f6netimi<\/li><li>FIDIC temelli ana s\u00f6zle\u015fme ile ilgili s\u00f6zle\u015fmesel konular\u0131n y\u00f6netimi<\/li><li>Hak talepleri i\u00e7in altyap\u0131n\u0131n haz\u0131rlanmas\u0131<\/li><li>Hak talebi y\u00f6netimi. \u0130lgili \u00e7al\u0131\u015fmalar\u0131n koordinasyonu ve y\u00f6netilmesi<\/li><li>U\u00c7K (Uyu\u015fmazl\u0131k \u00c7\u00f6z\u00fcm Kurulu) s\u00fcre\u00e7lerinin y\u00f6netilmesi. \u0130lgili \u00e7al\u0131\u015fmalar\u0131n koordinasyon ve haz\u0131rlanmas\u0131<\/li><li>Alty\u00fcklenici s\u00f6zle\u015fmelerinin haz\u0131rlanmas\u0131, takibi ve y\u00f6netimi.<\/li><li>Her t\u00fcrl\u00fc resmi yaz\u0131\u015fmalar\u0131n yap\u0131lmas\u0131, takip edilmesi, da\u011f\u0131t\u0131m\u0131 ve ar\u015fivlenmesinin y\u00f6netimi.<\/li><\/ul>\t\t\t\t\t\t<\/div>\n\t\t\t\t<\/div>\n\t\t\t\t\t<\/div>\n\t\t<\/div>\n\t\t\t\t\t\t\t<\/div>\n\t\t<\/section>\n\t\t\t\t<section class=\"elementor-section elementor-top-section elementor-element elementor-element-3b5baaa elementor-section-boxed elementor-section-height-default elementor-section-height-default\" data-id=\"3b5baaa\" data-element_type=\"section\" data-settings=\"{&quot;jet_parallax_layout_list&quot;:[{&quot;jet_parallax_layout_image&quot;:{&quot;url&quot;:&quot;&quot;,&quot;id&quot;:&quot;&quot;,&quot;size&quot;:&quot;&quot;},&quot;_id&quot;:&quot;a505fad&quot;,&quot;jet_parallax_layout_image_tablet&quot;:{&quot;url&quot;:&quot;&quot;,&quot;id&quot;:&quot;&quot;,&quot;size&quot;:&quot;&quot;},&quot;jet_parallax_layout_image_mobile&quot;:{&quot;url&quot;:&quot;&quot;,&quot;id&quot;:&quot;&quot;,&quot;size&quot;:&quot;&quot;},&quot;jet_parallax_layout_speed&quot;:{&quot;unit&quot;:&quot;%&quot;,&quot;size&quot;:50,&quot;sizes&quot;:[]},&quot;jet_parallax_layout_type&quot;:&quot;scroll&quot;,&quot;jet_parallax_layout_direction&quot;:null,&quot;jet_parallax_layout_fx_direction&quot;:null,&quot;jet_parallax_layout_z_index&quot;:&quot;&quot;,&quot;jet_parallax_layout_bg_x&quot;:50,&quot;jet_parallax_layout_bg_x_tablet&quot;:&quot;&quot;,&quot;jet_parallax_layout_bg_x_mobile&quot;:&quot;&quot;,&quot;jet_parallax_layout_bg_y&quot;:50,&quot;jet_parallax_layout_bg_y_tablet&quot;:&quot;&quot;,&quot;jet_parallax_layout_bg_y_mobile&quot;:&quot;&quot;,&quot;jet_parallax_layout_bg_size&quot;:&quot;auto&quot;,&quot;jet_parallax_layout_bg_size_tablet&quot;:&quot;&quot;,&quot;jet_parallax_layout_bg_size_mobile&quot;:&quot;&quot;,&quot;jet_parallax_layout_animation_prop&quot;:&quot;transform&quot;,&quot;jet_parallax_layout_on&quot;:[&quot;desktop&quot;,&quot;tablet&quot;]}]}\">\n\t\t\t\t\t\t<div class=\"elementor-container elementor-column-gap-default\">\n\t\t\t\t\t<div class=\"elementor-column elementor-col-100 elementor-top-column elementor-element elementor-element-d102725\" data-id=\"d102725\" data-element_type=\"column\">\n\t\t\t<div class=\"elementor-widget-wrap elementor-element-populated\">\n\t\t\t\t\t\t\t\t<div class=\"elementor-element elementor-element-5090e3d elementor-widget elementor-widget-gallery\" data-id=\"5090e3d\" data-element_type=\"widget\" data-settings=\"{&quot;columns&quot;:3,&quot;lazyload&quot;:&quot;yes&quot;,&quot;gallery_layout&quot;:&quot;grid&quot;,&quot;columns_tablet&quot;:2,&quot;columns_mobile&quot;:1,&quot;gap&quot;:{&quot;unit&quot;:&quot;px&quot;,&quot;size&quot;:10,&quot;sizes&quot;:[]},&quot;gap_tablet&quot;:{&quot;unit&quot;:&quot;px&quot;,&quot;size&quot;:10,&quot;sizes&quot;:[]},&quot;gap_mobile&quot;:{&quot;unit&quot;:&quot;px&quot;,&quot;size&quot;:10,&quot;sizes&quot;:[]},&quot;link_to&quot;:&quot;file&quot;,&quot;aspect_ratio&quot;:&quot;3:2&quot;,&quot;overlay_background&quot;:&quot;yes&quot;,&quot;content_hover_animation&quot;:&quot;fade-in&quot;}\" data-widget_type=\"gallery.default\">\n\t\t\t\t<div class=\"elementor-widget-container\">\n\t\t\t\t\t<div class=\"elementor-gallery__container\">\n\t\t\t\t\t\t\t<a class=\"e-gallery-item elementor-gallery-item elementor-animated-content\" href=\"https:\/\/yy-pmc.com\/wp-content\/uploads\/Project-3-Ercan-Airport-4.jpg\" data-elementor-open-lightbox=\"yes\" data-elementor-lightbox-slideshow=\"all-5090e3d\" data-elementor-lightbox-title=\"Project 3 - Ercan Airport (4)\" data-e-action-hash=\"#elementor-action%3Aaction%3Dlightbox%26settings%3DeyJpZCI6MTA4MywidXJsIjoiaHR0cHM6XC9cL3l5LXBtYy5jb21cL3dwLWNvbnRlbnRcL3VwbG9hZHNcL1Byb2plY3QtMy1FcmNhbi1BaXJwb3J0LTQuanBnIiwic2xpZGVzaG93IjoiYWxsLTUwOTBlM2QifQ%3D%3D\">\n\t\t\t\t\t<div class=\"e-gallery-image elementor-gallery-item__image\" data-thumbnail=\"https:\/\/yy-pmc.com\/wp-content\/uploads\/Project-3-Ercan-Airport-4.jpg\" data-width=\"720\" data-height=\"540\" alt=\"\" ><\/div>\n\t\t\t\t\t\t\t\t\t\t\t<div class=\"elementor-gallery-item__overlay\"><\/div>\n\t\t\t\t\t\t\t\t\t\t\t\t\t\t<\/a>\n\t\t\t\t\t\t\t<a class=\"e-gallery-item elementor-gallery-item elementor-animated-content\" href=\"https:\/\/yy-pmc.com\/wp-content\/uploads\/Project-3-Ercan-Airport-3.jpg\" data-elementor-open-lightbox=\"yes\" data-elementor-lightbox-slideshow=\"all-5090e3d\" data-elementor-lightbox-title=\"Proje 3 - Ercan Havaliman\u0131 (3)\" data-e-action-hash=\"#elementor-action%3Aaction%3Dlightbox%26settings%3DeyJpZCI6MjM5NiwidXJsIjoiaHR0cHM6XC9cL3l5LXBtYy5jb21cL3dwLWNvbnRlbnRcL3VwbG9hZHNcL1Byb2plY3QtMy1FcmNhbi1BaXJwb3J0LTMuanBnIiwic2xpZGVzaG93IjoiYWxsLTUwOTBlM2QifQ%3D%3D\">\n\t\t\t\t\t<div class=\"e-gallery-image elementor-gallery-item__image\" data-thumbnail=\"https:\/\/yy-pmc.com\/wp-content\/uploads\/Project-3-Ercan-Airport-3-768x576.jpg\" data-width=\"768\" data-height=\"576\" alt=\"\" ><\/div>\n\t\t\t\t\t\t\t\t\t\t\t<div class=\"elementor-gallery-item__overlay\"><\/div>\n\t\t\t\t\t\t\t\t\t\t\t\t\t\t<\/a>\n\t\t\t\t\t\t\t<a class=\"e-gallery-item elementor-gallery-item elementor-animated-content\" href=\"https:\/\/yy-pmc.com\/wp-content\/uploads\/Project-3-Ercan-Airport-2.jpg\" data-elementor-open-lightbox=\"yes\" data-elementor-lightbox-slideshow=\"all-5090e3d\" data-elementor-lightbox-title=\"Project 3 - Ercan Airport (2)\" data-e-action-hash=\"#elementor-action%3Aaction%3Dlightbox%26settings%3DeyJpZCI6MTA4MSwidXJsIjoiaHR0cHM6XC9cL3l5LXBtYy5jb21cL3dwLWNvbnRlbnRcL3VwbG9hZHNcL1Byb2plY3QtMy1FcmNhbi1BaXJwb3J0LTIuanBnIiwic2xpZGVzaG93IjoiYWxsLTUwOTBlM2QifQ%3D%3D\">\n\t\t\t\t\t<div class=\"e-gallery-image elementor-gallery-item__image\" data-thumbnail=\"https:\/\/yy-pmc.com\/wp-content\/uploads\/Project-3-Ercan-Airport-2-768x576.jpg\" data-width=\"768\" data-height=\"576\" alt=\"\" ><\/div>\n\t\t\t\t\t\t\t\t\t\t\t<div class=\"elementor-gallery-item__overlay\"><\/div>\n\t\t\t\t\t\t\t\t\t\t\t\t\t\t<\/a>\n\t\t\t\t\t\t\t<a class=\"e-gallery-item elementor-gallery-item elementor-animated-content\" href=\"https:\/\/yy-pmc.com\/wp-content\/uploads\/Project-3-Ercan-Airport-2.jpeg\" data-elementor-open-lightbox=\"yes\" data-elementor-lightbox-slideshow=\"all-5090e3d\" data-elementor-lightbox-title=\"Project 3 - Ercan Airport (2)\" data-e-action-hash=\"#elementor-action%3Aaction%3Dlightbox%26settings%3DeyJpZCI6MTA4MCwidXJsIjoiaHR0cHM6XC9cL3l5LXBtYy5jb21cL3dwLWNvbnRlbnRcL3VwbG9hZHNcL1Byb2plY3QtMy1FcmNhbi1BaXJwb3J0LTIuanBlZyIsInNsaWRlc2hvdyI6ImFsbC01MDkwZTNkIn0%3D\">\n\t\t\t\t\t<div class=\"e-gallery-image elementor-gallery-item__image\" data-thumbnail=\"https:\/\/yy-pmc.com\/wp-content\/uploads\/Project-3-Ercan-Airport-2-768x276.jpeg\" data-width=\"768\" data-height=\"276\" alt=\"\" ><\/div>\n\t\t\t\t\t\t\t\t\t\t\t<div class=\"elementor-gallery-item__overlay\"><\/div>\n\t\t\t\t\t\t\t\t\t\t\t\t\t\t<\/a>\n\t\t\t\t\t\t\t<a class=\"e-gallery-item elementor-gallery-item elementor-animated-content\" href=\"https:\/\/yy-pmc.com\/wp-content\/uploads\/Project-3-Ercan-Airport-1.jpg\" data-elementor-open-lightbox=\"yes\" data-elementor-lightbox-slideshow=\"all-5090e3d\" data-elementor-lightbox-title=\"Project 3 - Ercan Airport (1)\" data-e-action-hash=\"#elementor-action%3Aaction%3Dlightbox%26settings%3DeyJpZCI6MTA3OSwidXJsIjoiaHR0cHM6XC9cL3l5LXBtYy5jb21cL3dwLWNvbnRlbnRcL3VwbG9hZHNcL1Byb2plY3QtMy1FcmNhbi1BaXJwb3J0LTEuanBnIiwic2xpZGVzaG93IjoiYWxsLTUwOTBlM2QifQ%3D%3D\">\n\t\t\t\t\t<div class=\"e-gallery-image elementor-gallery-item__image\" data-thumbnail=\"https:\/\/yy-pmc.com\/wp-content\/uploads\/Project-3-Ercan-Airport-1-768x512.jpg\" data-width=\"768\" data-height=\"512\" alt=\"\" ><\/div>\n\t\t\t\t\t\t\t\t\t\t\t<div class=\"elementor-gallery-item__overlay\"><\/div>\n\t\t\t\t\t\t\t\t\t\t\t\t\t\t<\/a>\n\t\t\t\t\t\t\t<a class=\"e-gallery-item elementor-gallery-item elementor-animated-content\" href=\"https:\/\/yy-pmc.com\/wp-content\/uploads\/Project-3-Ercan-Airport-1.jpeg\" data-elementor-open-lightbox=\"yes\" data-elementor-lightbox-slideshow=\"all-5090e3d\" data-elementor-lightbox-title=\"Project 3 - Ercan Airport (1)\" data-e-action-hash=\"#elementor-action%3Aaction%3Dlightbox%26settings%3DeyJpZCI6MTA3OCwidXJsIjoiaHR0cHM6XC9cL3l5LXBtYy5jb21cL3dwLWNvbnRlbnRcL3VwbG9hZHNcL1Byb2plY3QtMy1FcmNhbi1BaXJwb3J0LTEuanBlZyIsInNsaWRlc2hvdyI6ImFsbC01MDkwZTNkIn0%3D\">\n\t\t\t\t\t<div class=\"e-gallery-image elementor-gallery-item__image\" data-thumbnail=\"https:\/\/yy-pmc.com\/wp-content\/uploads\/Project-3-Ercan-Airport-1-768x432.jpeg\" data-width=\"768\" data-height=\"432\" alt=\"\" ><\/div>\n\t\t\t\t\t\t\t\t\t\t\t<div class=\"elementor-gallery-item__overlay\"><\/div>\n\t\t\t\t\t\t\t\t\t\t\t\t\t\t<\/a>\n\t\t\t\t\t<\/div>\n\t\t\t<\/div>\n\t\t\t\t<\/div>\n\t\t\t\t\t<\/div>\n\t\t<\/div>\n\t\t\t\t\t\t\t<\/div>\n\t\t<\/section>\n\t\t\t\t\t\t\t<\/div>\n\t\t","protected":false},"excerpt":{"rendered":"<p>Ercan Havaliman\u0131 Proje \u00d6zellikleri Proje : ERCAN HAVAL\u0130MANI \u0130\u015fveren : KKTC Devleti Toplam kapasite: 5.000.000 yolcuya hizmet verecek 530 metre uzunlu\u011funda t\u00fcnel, 8 adet k\u00f6r\u00fck, 18 adet u\u00e7ak park alan\u0131, 60 adet check-in kontuar\u0131, saatte 5.000 bagaj kapasitesi Y\u00fcklenici : Ta\u015fyap\u0131 \u0130n\u015faat \u00d6nemli Konular : FIDIC\u00a0 Sa\u011flanan Hizmetler S\u00f6zle\u015fme Y\u00f6netimi Talep Y\u00f6netimi Uyu\u015fmazl\u0131k Y\u00f6netimi FIDIC [&hellip;]<\/p>\n","protected":false},"author":1,"featured_media":0,"parent":0,"menu_order":0,"comment_status":"closed","ping_status":"closed","template":"","meta":{"footnotes":""},"yoast_head":"<!-- This site is optimized with the Yoast SEO plugin v21.0 - https:\/\/yoast.com\/wordpress\/plugins\/seo\/ -->\n<title>Ercan Havaliman\u0131<\/title>\n<meta name=\"robots\" content=\"index, follow, max-snippet:-1, max-image-preview:large, max-video-preview:-1\" \/>\n<link rel=\"canonical\" href=\"https:\/\/yy-pmc.com\/tr\/ercan-havalimani\/\" \/>\n<meta property=\"og:locale\" content=\"tr_TR\" \/>\n<meta property=\"og:type\" content=\"article\" \/>\n<meta property=\"og:title\" content=\"Ercan Havaliman\u0131\" \/>\n<meta property=\"og:description\" content=\"Ercan Havaliman\u0131 Proje \u00d6zellikleri Proje : ERCAN HAVAL\u0130MANI \u0130\u015fveren : KKTC Devleti Toplam kapasite: 5.000.000 yolcuya hizmet verecek 530 metre uzunlu\u011funda t\u00fcnel, 8 adet k\u00f6r\u00fck, 18 adet u\u00e7ak park alan\u0131, 60 adet check-in kontuar\u0131, saatte 5.000 bagaj kapasitesi Y\u00fcklenici : Ta\u015fyap\u0131 \u0130n\u015faat \u00d6nemli Konular : FIDIC\u00a0 Sa\u011flanan Hizmetler S\u00f6zle\u015fme Y\u00f6netimi Talep Y\u00f6netimi Uyu\u015fmazl\u0131k Y\u00f6netimi FIDIC [&hellip;]\" \/>\n<meta property=\"og:url\" content=\"https:\/\/yy-pmc.com\/tr\/ercan-havalimani\/\" \/>\n<meta property=\"og:site_name\" content=\"YY PMC\" \/>\n<meta property=\"article:modified_time\" content=\"2022-11-22T10:37:17+00:00\" \/>\n<meta property=\"og:image\" content=\"https:\/\/yy-pmc.com\/wp-content\/uploads\/Project-3-Ercan-Airport-3.jpg\" \/>\n<meta name=\"twitter:card\" content=\"summary_large_image\" \/>\n<meta name=\"twitter:label1\" content=\"Tahmini okuma s\u00fcresi\" \/>\n\t<meta name=\"twitter:data1\" content=\"1 dakika\" \/>\n<script type=\"application\/ld+json\" class=\"yoast-schema-graph\">{\"@context\":\"https:\/\/schema.org\",\"@graph\":[{\"@type\":\"WebPage\",\"@id\":\"https:\/\/yy-pmc.com\/tr\/ercan-havalimani\/\",\"url\":\"https:\/\/yy-pmc.com\/tr\/ercan-havalimani\/\",\"name\":\"Ercan Havaliman\u0131\",\"isPartOf\":{\"@id\":\"https:\/\/yy-pmc.com\/#website\"},\"datePublished\":\"2022-02-16T10:05:32+00:00\",\"dateModified\":\"2022-11-22T10:37:17+00:00\",\"breadcrumb\":{\"@id\":\"https:\/\/yy-pmc.com\/tr\/ercan-havalimani\/#breadcrumb\"},\"inLanguage\":\"tr\",\"potentialAction\":[{\"@type\":\"ReadAction\",\"target\":[\"https:\/\/yy-pmc.com\/tr\/ercan-havalimani\/\"]}]},{\"@type\":\"BreadcrumbList\",\"@id\":\"https:\/\/yy-pmc.com\/tr\/ercan-havalimani\/#breadcrumb\",\"itemListElement\":[{\"@type\":\"ListItem\",\"position\":1,\"name\":\"Home\",\"item\":\"https:\/\/yy-pmc.com\/tr\/\"},{\"@type\":\"ListItem\",\"position\":2,\"name\":\"Ercan Havaliman\u0131\"}]},{\"@type\":\"WebSite\",\"@id\":\"https:\/\/yy-pmc.com\/#website\",\"url\":\"https:\/\/yy-pmc.com\/\",\"name\":\"YY PMC\",\"description\":\"Dan\u0131\u015fmanl\u0131k\",\"publisher\":{\"@id\":\"https:\/\/yy-pmc.com\/#organization\"},\"potentialAction\":[{\"@type\":\"SearchAction\",\"target\":{\"@type\":\"EntryPoint\",\"urlTemplate\":\"https:\/\/yy-pmc.com\/?s={search_term_string}\"},\"query-input\":\"required name=search_term_string\"}],\"inLanguage\":\"tr\"},{\"@type\":\"Organization\",\"@id\":\"https:\/\/yy-pmc.com\/#organization\",\"name\":\"YY PMC\",\"url\":\"https:\/\/yy-pmc.com\/\",\"logo\":{\"@type\":\"ImageObject\",\"inLanguage\":\"tr\",\"@id\":\"https:\/\/yy-pmc.com\/#\/schema\/logo\/image\/\",\"url\":\"\",\"contentUrl\":\"\",\"caption\":\"YY PMC\"},\"image\":{\"@id\":\"https:\/\/yy-pmc.com\/#\/schema\/logo\/image\/\"}}]}<\/script>\n<!-- \/ Yoast SEO plugin. -->","yoast_head_json":{"title":"Ercan Havaliman\u0131","robots":{"index":"index","follow":"follow","max-snippet":"max-snippet:-1","max-image-preview":"max-image-preview:large","max-video-preview":"max-video-preview:-1"},"canonical":"https:\/\/yy-pmc.com\/tr\/ercan-havalimani\/","og_locale":"tr_TR","og_type":"article","og_title":"Ercan Havaliman\u0131","og_description":"Ercan Havaliman\u0131 Proje \u00d6zellikleri Proje : ERCAN HAVAL\u0130MANI \u0130\u015fveren : KKTC Devleti Toplam kapasite: 5.000.000 yolcuya hizmet verecek 530 metre uzunlu\u011funda t\u00fcnel, 8 adet k\u00f6r\u00fck, 18 adet u\u00e7ak park alan\u0131, 60 adet check-in kontuar\u0131, saatte 5.000 bagaj kapasitesi Y\u00fcklenici : Ta\u015fyap\u0131 \u0130n\u015faat \u00d6nemli Konular : FIDIC\u00a0 Sa\u011flanan Hizmetler S\u00f6zle\u015fme Y\u00f6netimi Talep Y\u00f6netimi Uyu\u015fmazl\u0131k Y\u00f6netimi FIDIC [&hellip;]","og_url":"https:\/\/yy-pmc.com\/tr\/ercan-havalimani\/","og_site_name":"YY PMC","article_modified_time":"2022-11-22T10:37:17+00:00","og_image":[{"url":"https:\/\/yy-pmc.com\/wp-content\/uploads\/Project-3-Ercan-Airport-3.jpg"}],"twitter_card":"summary_large_image","twitter_misc":{"Tahmini okuma s\u00fcresi":"1 dakika"},"schema":{"@context":"https:\/\/schema.org","@graph":[{"@type":"WebPage","@id":"https:\/\/yy-pmc.com\/tr\/ercan-havalimani\/","url":"https:\/\/yy-pmc.com\/tr\/ercan-havalimani\/","name":"Ercan Havaliman\u0131","isPartOf":{"@id":"https:\/\/yy-pmc.com\/#website"},"datePublished":"2022-02-16T10:05:32+00:00","dateModified":"2022-11-22T10:37:17+00:00","breadcrumb":{"@id":"https:\/\/yy-pmc.com\/tr\/ercan-havalimani\/#breadcrumb"},"inLanguage":"tr","potentialAction":[{"@type":"ReadAction","target":["https:\/\/yy-pmc.com\/tr\/ercan-havalimani\/"]}]},{"@type":"BreadcrumbList","@id":"https:\/\/yy-pmc.com\/tr\/ercan-havalimani\/#breadcrumb","itemListElement":[{"@type":"ListItem","position":1,"name":"Home","item":"https:\/\/yy-pmc.com\/tr\/"},{"@type":"ListItem","position":2,"name":"Ercan Havaliman\u0131"}]},{"@type":"WebSite","@id":"https:\/\/yy-pmc.com\/#website","url":"https:\/\/yy-pmc.com\/","name":"YY PMC","description":"Dan\u0131\u015fmanl\u0131k","publisher":{"@id":"https:\/\/yy-pmc.com\/#organization"},"potentialAction":[{"@type":"SearchAction","target":{"@type":"EntryPoint","urlTemplate":"https:\/\/yy-pmc.com\/?s={search_term_string}"},"query-input":"required name=search_term_string"}],"inLanguage":"tr"},{"@type":"Organization","@id":"https:\/\/yy-pmc.com\/#organization","name":"YY PMC","url":"https:\/\/yy-pmc.com\/","logo":{"@type":"ImageObject","inLanguage":"tr","@id":"https:\/\/yy-pmc.com\/#\/schema\/logo\/image\/","url":"","contentUrl":"","caption":"YY PMC"},"image":{"@id":"https:\/\/yy-pmc.com\/#\/schema\/logo\/image\/"}}]}},"_links":{"self":[{"href":"https:\/\/yy-pmc.com\/tr\/wp-json\/wp\/v2\/pages\/2395"}],"collection":[{"href":"https:\/\/yy-pmc.com\/tr\/wp-json\/wp\/v2\/pages"}],"about":[{"href":"https:\/\/yy-pmc.com\/tr\/wp-json\/wp\/v2\/types\/page"}],"author":[{"embeddable":true,"href":"https:\/\/yy-pmc.com\/tr\/wp-json\/wp\/v2\/users\/1"}],"replies":[{"embeddable":true,"href":"https:\/\/yy-pmc.com\/tr\/wp-json\/wp\/v2\/comments?post=2395"}],"version-history":[{"count":3,"href":"https:\/\/yy-pmc.com\/tr\/wp-json\/wp\/v2\/pages\/2395\/revisions"}],"predecessor-version":[{"id":2803,"href":"https:\/\/yy-pmc.com\/tr\/wp-json\/wp\/v2\/pages\/2395\/revisions\/2803"}],"wp:attachment":[{"href":"https:\/\/yy-pmc.com\/tr\/wp-json\/wp\/v2\/media?parent=2395"}],"curies":[{"name":"wp","href":"https:\/\/api.w.org\/{rel}","templated":true}]}}